{"id":517,"date":"2021-07-07T17:28:18","date_gmt":"2021-07-07T15:28:18","guid":{"rendered":"https:\/\/www.spainart.com\/?page_id=517"},"modified":"2026-03-31T12:40:24","modified_gmt":"2026-03-31T10:40:24","slug":"contacto","status":"publish","type":"page","link":"https:\/\/www.spainart.com\/en\/contacto\/","title":{"rendered":"Contact"},"content":{"rendered":"<style>.elementor-517 .elementor-element.elementor-element-31b0187:not(.elementor-motion-effects-element-type-background) > .elementor-widget-wrap, .elementor-517 .elementor-element.elementor-element-31b0187 > .elementor-widget-wrap > .elementor-motion-effects-container > .elementor-motion-effects-layer{background-color:var( --e-global-color-03b76bd );}.elementor-517 .elementor-element.elementor-element-31b0187 > .elementor-element-populated{transition:background 0.3s, border 0.3s, border-radius 0.3s, box-shadow 0.3s;margin:0em 48em 0em 0em;--e-column-margin-right:48em;--e-column-margin-left:0em;padding:25px 25px 25px 25px;}.elementor-517 .elementor-element.elementor-element-31b0187 > .elementor-element-populated > .elementor-background-overlay{transition:background 0.3s, border-radius 0.3s, opacity 0.3s;}.elementor-widget-heading .elementor-heading-title{color:var( --e-global-color-primary );font-family:var( --e-global-typography-primary-font-family ), Sans-serif;font-size:var( --e-global-typography-primary-font-size );font-weight:var( --e-global-typography-primary-font-weight );text-transform:var( --e-global-typography-primary-text-transform );}.elementor-517 .elementor-element.elementor-element-61bedd2{text-align:left;}.elementor-517 .elementor-element.elementor-element-61bedd2 .elementor-heading-title{color:#FFFFFF;font-family:\"Bellota Text\", Sans-serif;font-size:3em;font-weight:900;text-transform:none;}.elementor-517 .elementor-element.elementor-element-982331f{margin-top:0em;margin-bottom:0em;padding:0em 0em 0em 0em;}.elementor-517 .elementor-element.elementor-element-90fc444 > .elementor-element-populated{transition:background 0.3s, border 0.3s, border-radius 0.3s, box-shadow 0.3s;margin:0em 0em 0em 0em;--e-column-margin-right:0em;--e-column-margin-left:0em;padding:5em 15em 2em 15em;}.elementor-517 .elementor-element.elementor-element-90fc444 > .elementor-element-populated > .elementor-background-overlay{transition:background 0.3s, border-radius 0.3s, opacity 0.3s;}.elementor-widget-form .elementor-field-group > label, .elementor-widget-form .elementor-field-subgroup label{color:var( --e-global-color-text );}.elementor-widget-form .elementor-field-group > label{font-family:var( --e-global-typography-text-font-family ), Sans-serif;font-weight:var( --e-global-typography-text-font-weight );}.elementor-widget-form .elementor-field-type-html{color:var( --e-global-color-text );font-family:var( --e-global-typography-text-font-family ), Sans-serif;font-weight:var( --e-global-typography-text-font-weight );}.elementor-widget-form .elementor-field-group .elementor-field{color:var( --e-global-color-text );}.elementor-widget-form .elementor-field-group .elementor-field, .elementor-widget-form .elementor-field-subgroup label{font-family:var( --e-global-typography-text-font-family ), Sans-serif;font-weight:var( --e-global-typography-text-font-weight );}.elementor-widget-form .elementor-button{font-family:var( --e-global-typography-accent-font-family ), Sans-serif;font-weight:var( --e-global-typography-accent-font-weight );}.elementor-widget-form .e-form__buttons__wrapper__button-next{background-color:var( --e-global-color-accent );}.elementor-widget-form .elementor-button[type=\"submit\"]{background-color:var( --e-global-color-accent );}.elementor-widget-form .e-form__buttons__wrapper__button-previous{background-color:var( --e-global-color-accent );}.elementor-widget-form .elementor-message{font-family:var( --e-global-typography-text-font-family ), Sans-serif;font-weight:var( --e-global-typography-text-font-weight );}.elementor-widget-form .e-form__indicators__indicator, .elementor-widget-form .e-form__indicators__indicator__label{font-family:var( --e-global-typography-accent-font-family ), Sans-serif;font-weight:var( --e-global-typography-accent-font-weight );}.elementor-widget-form{--e-form-steps-indicator-inactive-primary-color:var( --e-global-color-text );--e-form-steps-indicator-active-primary-color:var( --e-global-color-accent );--e-form-steps-indicator-completed-primary-color:var( --e-global-color-accent );--e-form-steps-indicator-progress-color:var( --e-global-color-accent );--e-form-steps-indicator-progress-background-color:var( --e-global-color-text );--e-form-steps-indicator-progress-meter-color:var( --e-global-color-text );}.elementor-widget-form .e-form__indicators__indicator__progress__meter{font-family:var( --e-global-typography-accent-font-family ), Sans-serif;font-weight:var( --e-global-typography-accent-font-weight );}.elementor-517 .elementor-element.elementor-element-9695a8f .elementor-field-group{padding-right:calc( 20px\/2 );padding-left:calc( 20px\/2 );margin-bottom:25px;}.elementor-517 .elementor-element.elementor-element-9695a8f .elementor-form-fields-wrapper{margin-left:calc( -20px\/2 );margin-right:calc( -20px\/2 );margin-bottom:-25px;}.elementor-517 .elementor-element.elementor-element-9695a8f .elementor-field-group.recaptcha_v3-bottomleft, .elementor-517 .elementor-element.elementor-element-9695a8f .elementor-field-group.recaptcha_v3-bottomright{margin-bottom:0;}body.rtl .elementor-517 .elementor-element.elementor-element-9695a8f .elementor-labels-inline .elementor-field-group > label{padding-left:15px;}body:not(.rtl) .elementor-517 .elementor-element.elementor-element-9695a8f .elementor-labels-inline .elementor-field-group > label{padding-right:15px;}body .elementor-517 .elementor-element.elementor-element-9695a8f .elementor-labels-above .elementor-field-group > label{padding-bottom:15px;}.elementor-517 .elementor-element.elementor-element-9695a8f .elementor-field-group > label, .elementor-517 .elementor-element.elementor-element-9695a8f .elementor-field-subgroup label{color:var( --e-global-color-secondary );}.elementor-517 .elementor-element.elementor-element-9695a8f .elementor-field-group > label{font-family:\"Roboto\", Sans-serif;font-size:1.5em;font-weight:400;}.elementor-517 .elementor-element.elementor-element-9695a8f .elementor-field-type-html{padding-bottom:0px;color:var( --e-global-color-secondary );}.elementor-517 .elementor-element.elementor-element-9695a8f .elementor-field-group .elementor-field, .elementor-517 .elementor-element.elementor-element-9695a8f .elementor-field-subgroup label{font-family:\"Roboto\", Sans-serif;font-size:1.2em;font-weight:400;}.elementor-517 .elementor-element.elementor-element-9695a8f .elementor-field-group:not(.elementor-field-type-upload) .elementor-field:not(.elementor-select-wrapper){background-color:#ffffff;border-color:var( --e-global-color-3e7e61d );border-width:1px 1px 1px 1px;border-radius:0px 0px 0px 0px;}.elementor-517 .elementor-element.elementor-element-9695a8f .elementor-field-group .elementor-select-wrapper select{background-color:#ffffff;border-color:var( --e-global-color-3e7e61d );border-width:1px 1px 1px 1px;border-radius:0px 0px 0px 0px;}.elementor-517 .elementor-element.elementor-element-9695a8f .elementor-field-group .elementor-select-wrapper::before{color:var( --e-global-color-3e7e61d );}.elementor-517 .elementor-element.elementor-element-9695a8f .e-form__buttons__wrapper__button-next{background-color:var( --e-global-color-3e7e61d );color:#ffffff;}.elementor-517 .elementor-element.elementor-element-9695a8f .elementor-button[type=\"submit\"]{background-color:var( --e-global-color-3e7e61d );color:#ffffff;}.elementor-517 .elementor-element.elementor-element-9695a8f .elementor-button[type=\"submit\"] svg *{fill:#ffffff;}.elementor-517 .elementor-element.elementor-element-9695a8f .e-form__buttons__wrapper__button-previous{background-color:var( --e-global-color-3e7e61d );color:#ffffff;}.elementor-517 .elementor-element.elementor-element-9695a8f .e-form__buttons__wrapper__button-next:hover{color:#ffffff;}.elementor-517 .elementor-element.elementor-element-9695a8f .elementor-button[type=\"submit\"]:hover{color:#ffffff;}.elementor-517 .elementor-element.elementor-element-9695a8f .elementor-button[type=\"submit\"]:hover svg *{fill:#ffffff;}.elementor-517 .elementor-element.elementor-element-9695a8f .e-form__buttons__wrapper__button-previous:hover{color:#ffffff;}.elementor-517 .elementor-element.elementor-element-9695a8f .elementor-button{border-radius:0px 0px 0px 0px;padding:0px 0px 0px 0px;}.elementor-517 .elementor-element.elementor-element-9695a8f{--e-form-steps-indicators-spacing:20px;--e-form-steps-indicator-padding:30px;--e-form-steps-indicator-inactive-secondary-color:#ffffff;--e-form-steps-indicator-active-secondary-color:#ffffff;--e-form-steps-indicator-completed-secondary-color:#ffffff;--e-form-steps-divider-width:1px;--e-form-steps-divider-gap:10px;}@media(max-width:1024px){.elementor-517 .elementor-element.elementor-element-31b0187 > .elementor-element-populated{margin:0em 22em 0em 0em;--e-column-margin-right:22em;--e-column-margin-left:0em;}.elementor-widget-heading .elementor-heading-title{font-size:var( --e-global-typography-primary-font-size );}.elementor-517 .elementor-element.elementor-element-61bedd2 .elementor-heading-title{font-size:2em;}.elementor-517 .elementor-element.elementor-element-982331f{padding:2em 2em 2em 2em;}.elementor-517 .elementor-element.elementor-element-90fc444 > .elementor-element-populated{margin:0em 0em 0em 0em;--e-column-margin-right:0em;--e-column-margin-left:0em;padding:0em 0em 0em 0em;}}@media(max-width:767px){.elementor-517 .elementor-element.elementor-element-31b0187 > .elementor-element-populated{margin:0em 2em 0em 0em;--e-column-margin-right:2em;--e-column-margin-left:0em;padding:1em 1em 1em 1em;}.elementor-widget-heading .elementor-heading-title{font-size:var( --e-global-typography-primary-font-size );}.elementor-517 .elementor-element.elementor-element-61bedd2 .elementor-heading-title{font-size:1.8em;}.elementor-517 .elementor-element.elementor-element-982331f{padding:1em 1em 1em 1em;}.elementor-517 .elementor-element.elementor-element-90fc444 > .elementor-element-populated{margin:1em 0em 0em 0em;--e-column-margin-right:0em;--e-column-margin-left:0em;padding:0em 0em 0em 0em;}.elementor-517 .elementor-element.elementor-element-9695a8f .elementor-field-group > label{font-size:1.2em;}.elementor-517 .elementor-element.elementor-element-9695a8f .elementor-field-group .elementor-field, .elementor-517 .elementor-element.elementor-element-9695a8f .elementor-field-subgroup label{font-size:1em;}}<\/style>\t\t<div data-elementor-type=\"wp-page\" data-elementor-id=\"517\" class=\"elementor elementor-517\" data-elementor-post-type=\"page\">\n\t\t\t\t\t\t<section class=\"elementor-section elementor-top-section elementor-element elementor-element-233bcf5 elementor-section-boxed elementor-section-height-default elementor-section-height-default\" data-id=\"233bcf5\" data-element_type=\"section\">\n\t\t\t\t\t\t<div class=\"elementor-container elementor-column-gap-default\">\n\t\t\t\t\t<div class=\"elementor-column elementor-col-100 elementor-top-column elementor-element elementor-element-31b0187 elementor-invisible\" data-id=\"31b0187\" data-element_type=\"column\" data-settings=\"{&quot;background_background&quot;:&quot;classic&quot;,&quot;animation&quot;:&quot;fadeInLeft&quot;,&quot;animation_delay&quot;:0}\">\n\t\t\t<div class=\"elementor-widget-wrap elementor-element-populated\">\n\t\t\t\t\t\t<div class=\"elementor-element elementor-element-61bedd2 elementor-widget elementor-widget-heading\" data-id=\"61bedd2\" data-element_type=\"widget\" data-widget_type=\"heading.default\">\n\t\t\t\t<div class=\"elementor-widget-container\">\n\t\t\t<h1 class=\"elementor-heading-title elementor-size-default\">Contact<\/h1>\t\t<\/div>\n\t\t\t\t<\/div>\n\t\t\t\t\t<\/div>\n\t\t<\/div>\n\t\t\t\t\t<\/div>\n\t\t<\/section>\n\t\t\t\t<section class=\"elementor-section elementor-top-section elementor-element elementor-element-982331f elementor-section-boxed elementor-section-height-default elementor-section-height-default\" data-id=\"982331f\" data-element_type=\"section\">\n\t\t\t\t\t\t<div class=\"elementor-container elementor-column-gap-default\">\n\t\t\t\t\t<div class=\"elementor-column elementor-col-100 elementor-top-column elementor-element elementor-element-90fc444\" data-id=\"90fc444\" data-element_type=\"column\" data-settings=\"{&quot;background_background&quot;:&quot;classic&quot;}\">\n\t\t\t<div class=\"elementor-widget-wrap elementor-element-populated\">\n\t\t\t\t\t\t<div class=\"elementor-element elementor-element-9695a8f elementor-button-align-stretch elementor-widget elementor-widget-form\" data-id=\"9695a8f\" data-element_type=\"widget\" data-settings=\"{&quot;step_next_label&quot;:&quot;Next&quot;,&quot;step_previous_label&quot;:&quot;Previous&quot;,&quot;button_width&quot;:&quot;100&quot;,&quot;step_type&quot;:&quot;number_text&quot;,&quot;step_icon_shape&quot;:&quot;circle&quot;}\" data-widget_type=\"form.default\">\n\t\t\t\t<div class=\"elementor-widget-container\">\n\t\t\t\t\t<form class=\"elementor-form\" method=\"post\" name=\"Nuevo Formulario\">\n\t\t\t<input type=\"hidden\" name=\"post_id\" value=\"517\"\/>\n\t\t\t<input type=\"hidden\" name=\"form_id\" value=\"9695a8f\"\/>\n\t\t\t<input type=\"hidden\" name=\"referer_title\" value=\"Spainart\" \/>\n\n\t\t\t\n\t\t\t<div class=\"elementor-form-fields-wrapper elementor-labels-above\">\n\t\t\t\t\t\t\t\t<div class=\"elementor-field-type-text elementor-field-group elementor-column elementor-field-group-name elementor-col-100 elementor-field-required\">\n\t\t\t\t\t\t\t\t\t\t\t\t<label for=\"form-field-name\" class=\"elementor-field-label\">\n\t\t\t\t\t\t\t\tName\t\t\t\t\t\t\t<\/label>\n\t\t\t\t\t\t\t\t\t\t\t\t\t\t<input size=\"1\" type=\"text\" name=\"form_fields[name]\" id=\"form-field-name\" class=\"elementor-field elementor-size-md  elementor-field-textual\" placeholder=\"Name\" required=\"required\" aria-required=\"true\">\n\t\t\t\t\t\t\t\t\t\t\t<\/div>\n\t\t\t\t\t\t\t\t<div class=\"elementor-field-type-email elementor-field-group elementor-column elementor-field-group-email elementor-col-100 elementor-field-required\">\n\t\t\t\t\t\t\t\t\t\t\t\t<label for=\"form-field-email\" class=\"elementor-field-label\">\n\t\t\t\t\t\t\t\tMail\t\t\t\t\t\t\t<\/label>\n\t\t\t\t\t\t\t\t\t\t\t\t\t\t<input size=\"1\" type=\"email\" name=\"form_fields[email]\" id=\"form-field-email\" class=\"elementor-field elementor-size-md  elementor-field-textual\" placeholder=\"Mail\" required=\"required\" aria-required=\"true\">\n\t\t\t\t\t\t\t\t\t\t\t<\/div>\n\t\t\t\t\t\t\t\t<div class=\"elementor-field-type-tel elementor-field-group elementor-column elementor-field-group-field_bd659d0 elementor-col-100 elementor-field-required\">\n\t\t\t\t\t\t\t\t\t\t\t\t<label for=\"form-field-field_bd659d0\" class=\"elementor-field-label\">\n\t\t\t\t\t\t\t\tTelephone\t\t\t\t\t\t\t<\/label>\n\t\t\t\t\t\t\t\t<input size=\"1\" type=\"tel\" name=\"form_fields[field_bd659d0]\" id=\"form-field-field_bd659d0\" class=\"elementor-field elementor-size-md  elementor-field-textual\" placeholder=\"Telephone\" required=\"required\" aria-required=\"true\" pattern=\"[0-9()#&amp;+*-=.]+\" title=\"Only numbers and phone characters (#, -, *, etc) are accepted.\">\n\n\t\t\t\t\t\t<\/div>\n\t\t\t\t\t\t\t\t<div class=\"elementor-field-type-textarea elementor-field-group elementor-column elementor-field-group-message elementor-col-100\">\n\t\t\t\t\t\t\t\t\t\t\t\t<label for=\"form-field-message\" class=\"elementor-field-label\">\n\t\t\t\t\t\t\t\tMessage\t\t\t\t\t\t\t<\/label>\n\t\t\t\t\t\t<textarea class=\"elementor-field-textual elementor-field  elementor-size-md\" name=\"form_fields[message]\" id=\"form-field-message\" rows=\"4\" placeholder=\"Message\"><\/textarea>\t\t\t\t<\/div>\n\t\t\t\t\t\t\t\t<div class=\"elementor-field-type-checkbox elementor-field-group elementor-column elementor-field-group-field_03eb660 elementor-col-100\">\n\t\t\t\t\t<div class=\"elementor-field-subgroup translation-block\">I have read and accept the <a href=\"https:\/\/www.spainart.com\/aviso-legal\" target=\"_self\">Legal Notice<\/a> and the <a href=\"https:\/\/www.spainart.com\/politica-de-privacidad\" target=\"_self\">Privacy Policy<\/a>.<\/div>\t\t\t\t<\/div>\n\t\t\t\t\t\t\t\t<div class=\"elementor-field-type-recaptcha elementor-field-group elementor-column elementor-field-group-field_96e776c elementor-col-100\">\n\t\t\t\t\t<div class=\"elementor-field\" id=\"form-field-field_96e776c\"><div class=\"elementor-g-recaptcha\" data-sitekey=\"6LerkecrAAAAABmxQJ7_YRngKkvHTTlExeC-v6RL\" data-type=\"v2_checkbox\" data-theme=\"light\" data-size=\"normal\"><\/div><\/div>\t\t\t\t<\/div>\n\t\t\t\t\t\t\t\t<div class=\"elementor-field-type-html elementor-field-group elementor-column elementor-field-group-field_958d480 elementor-col-100\">\n\t\t\t\t\t<small>\n\nPROTECCI\u00d3N DE DATOS: De conformidad con las normativas de protecci\u00f3n de datos, le facilitamos la siguiente informaci\u00f3n del tratamiento: Responsable: MARKLOF & PARTNERS,S.L. Fines del tratamiento: mantener una relaci\u00f3n comercial y enviar comunicaciones de productos o servicios Derechos que le asisten: acceso, rectificaci\u00f3n, portabilidad, supresi\u00f3n, limitaci\u00f3n y oposici\u00f3n.\n\n<\/small>\t\t\t\t<\/div>\n\t\t\t\t\t\t\t\t<div class=\"elementor-field-group elementor-column elementor-field-type-submit elementor-col-100 e-form__buttons\">\n\t\t\t\t\t<button class=\"elementor-button elementor-size-lg\" type=\"submit\">\n\t\t\t\t\t\t<span class=\"elementor-button-content-wrapper\">\n\t\t\t\t\t\t\t\t\t\t\t\t\t\t\t\t\t\t\t\t\t\t<span class=\"elementor-button-text\">Enviar<\/span>\n\t\t\t\t\t\t\t\t\t\t\t\t\t<\/span>\n\t\t\t\t\t<\/button>\n\t\t\t\t<\/div>\n\t\t\t<\/div>\n\t\t<input type=\"hidden\" name=\"trp-form-language\" value=\"en\"\/><\/form>\n\t\t\t\t<\/div>\n\t\t\t\t<\/div>\n\t\t\t\t\t<\/div>\n\t\t<\/div>\n\t\t\t\t\t<\/div>\n\t\t<\/section>\n\t\t\t\t<\/div>","protected":false},"excerpt":{"rendered":"<p>Contact<\/p>","protected":false},"author":1,"featured_media":0,"parent":0,"menu_order":0,"comment_status":"closed","ping_status":"closed","template":"","meta":{"footnotes":""},"class_list":["post-517","page","type-page","status-publish","hentry"],"yoast_head":"<!-- This site is optimized with the Yoast SEO plugin v25.9 - https:\/\/yoast.com\/wordpress\/plugins\/seo\/ -->\n<title>Contacto | SpainArt \u2013 Hablemos sobre tu pr\u00f3ximo proyecto art\u00edstico<\/title>\n<meta name=\"description\" content=\"Contacta con SpainArt para dise\u00f1ar, planificar o producir tu exposici\u00f3n. Nuestro equipo te asesorar\u00e1 en cada fase del proyecto art\u00edstico.\" \/>\n<meta name=\"robots\" content=\"index, follow, max-snippet:-1, max-image-preview:large, max-video-preview:-1\" \/>\n<link rel=\"canonical\" href=\"https:\/\/www.spainart.com\/en\/contacto\/\" \/>\n<meta property=\"og:locale\" content=\"en_GB\" \/>\n<meta property=\"og:type\" content=\"article\" \/>\n<meta property=\"og:title\" content=\"Contacto | SpainArt \u2013 Hablemos sobre tu pr\u00f3ximo proyecto art\u00edstico\" \/>\n<meta property=\"og:description\" content=\"Contacta con SpainArt para dise\u00f1ar, planificar o producir tu exposici\u00f3n. Nuestro equipo te asesorar\u00e1 en cada fase del proyecto art\u00edstico.\" \/>\n<meta property=\"og:url\" content=\"https:\/\/www.spainart.com\/en\/contacto\/\" \/>\n<meta property=\"og:site_name\" content=\"Spainart\" \/>\n<meta property=\"article:modified_time\" content=\"2026-03-31T10:40:24+00:00\" \/>\n<meta name=\"twitter:card\" content=\"summary_large_image\" \/>\n<meta name=\"twitter:label1\" content=\"Estimated reading time\" \/>\n\t<meta name=\"twitter:data1\" content=\"1 minute\" \/>\n<script type=\"application\/ld+json\" class=\"yoast-schema-graph\">{\"@context\":\"https:\/\/schema.org\",\"@graph\":[{\"@type\":\"WebPage\",\"@id\":\"https:\/\/www.spainart.com\/contacto\/\",\"url\":\"https:\/\/www.spainart.com\/contacto\/\",\"name\":\"Contacto | SpainArt \u2013 Hablemos sobre tu pr\u00f3ximo proyecto art\u00edstico\",\"isPartOf\":{\"@id\":\"https:\/\/www.spainart.com\/#website\"},\"datePublished\":\"2021-07-07T15:28:18+00:00\",\"dateModified\":\"2026-03-31T10:40:24+00:00\",\"description\":\"Contacta con SpainArt para dise\u00f1ar, planificar o producir tu exposici\u00f3n. Nuestro equipo te asesorar\u00e1 en cada fase del proyecto art\u00edstico.\",\"breadcrumb\":{\"@id\":\"https:\/\/www.spainart.com\/contacto\/#breadcrumb\"},\"inLanguage\":\"en-GB\",\"potentialAction\":[{\"@type\":\"ReadAction\",\"target\":[\"https:\/\/www.spainart.com\/contacto\/\"]}]},{\"@type\":\"BreadcrumbList\",\"@id\":\"https:\/\/www.spainart.com\/contacto\/#breadcrumb\",\"itemListElement\":[{\"@type\":\"ListItem\",\"position\":1,\"name\":\"Home\",\"item\":\"https:\/\/www.spainart.com\/\"},{\"@type\":\"ListItem\",\"position\":2,\"name\":\"Contacto\"}]},{\"@type\":\"WebSite\",\"@id\":\"https:\/\/www.spainart.com\/#website\",\"url\":\"https:\/\/www.spainart.com\/\",\"name\":\"Spainart\",\"description\":\"\",\"publisher\":{\"@id\":\"https:\/\/www.spainart.com\/#organization\"},\"potentialAction\":[{\"@type\":\"SearchAction\",\"target\":{\"@type\":\"EntryPoint\",\"urlTemplate\":\"https:\/\/www.spainart.com\/?s={search_term_string}\"},\"query-input\":{\"@type\":\"PropertyValueSpecification\",\"valueRequired\":true,\"valueName\":\"search_term_string\"}}],\"inLanguage\":\"en-GB\"},{\"@type\":\"Organization\",\"@id\":\"https:\/\/www.spainart.com\/#organization\",\"name\":\"Spainart\",\"url\":\"https:\/\/www.spainart.com\/\",\"logo\":{\"@type\":\"ImageObject\",\"inLanguage\":\"en-GB\",\"@id\":\"https:\/\/www.spainart.com\/#\/schema\/logo\/image\/\",\"url\":\"https:\/\/www.spainart.com\/wp-content\/uploads\/2021\/07\/Logo-SpainArt-rojo.png\",\"contentUrl\":\"https:\/\/www.spainart.com\/wp-content\/uploads\/2021\/07\/Logo-SpainArt-rojo.png\",\"width\":224,\"height\":140,\"caption\":\"Spainart\"},\"image\":{\"@id\":\"https:\/\/www.spainart.com\/#\/schema\/logo\/image\/\"}}]}<\/script>\n<!-- \/ Yoast SEO plugin. -->","yoast_head_json":{"title":"Contacto | SpainArt \u2013 Hablemos sobre tu pr\u00f3ximo proyecto art\u00edstico","description":"Contacta con SpainArt para dise\u00f1ar, planificar o producir tu exposici\u00f3n. Nuestro equipo te asesorar\u00e1 en cada fase del proyecto art\u00edstico.","robots":{"index":"index","follow":"follow","max-snippet":"max-snippet:-1","max-image-preview":"max-image-preview:large","max-video-preview":"max-video-preview:-1"},"canonical":"https:\/\/www.spainart.com\/en\/contacto\/","og_locale":"en_GB","og_type":"article","og_title":"Contacto | SpainArt \u2013 Hablemos sobre tu pr\u00f3ximo proyecto art\u00edstico","og_description":"Contacta con SpainArt para dise\u00f1ar, planificar o producir tu exposici\u00f3n. Nuestro equipo te asesorar\u00e1 en cada fase del proyecto art\u00edstico.","og_url":"https:\/\/www.spainart.com\/en\/contacto\/","og_site_name":"Spainart","article_modified_time":"2026-03-31T10:40:24+00:00","twitter_card":"summary_large_image","twitter_misc":{"Estimated reading time":"1 minute"},"schema":{"@context":"https:\/\/schema.org","@graph":[{"@type":"WebPage","@id":"https:\/\/www.spainart.com\/contacto\/","url":"https:\/\/www.spainart.com\/contacto\/","name":"Contacto | SpainArt \u2013 Hablemos sobre tu pr\u00f3ximo proyecto art\u00edstico","isPartOf":{"@id":"https:\/\/www.spainart.com\/#website"},"datePublished":"2021-07-07T15:28:18+00:00","dateModified":"2026-03-31T10:40:24+00:00","description":"Contacta con SpainArt para dise\u00f1ar, planificar o producir tu exposici\u00f3n. Nuestro equipo te asesorar\u00e1 en cada fase del proyecto art\u00edstico.","breadcrumb":{"@id":"https:\/\/www.spainart.com\/contacto\/#breadcrumb"},"inLanguage":"en-GB","potentialAction":[{"@type":"ReadAction","target":["https:\/\/www.spainart.com\/contacto\/"]}]},{"@type":"BreadcrumbList","@id":"https:\/\/www.spainart.com\/contacto\/#breadcrumb","itemListElement":[{"@type":"ListItem","position":1,"name":"Home","item":"https:\/\/www.spainart.com\/"},{"@type":"ListItem","position":2,"name":"Contacto"}]},{"@type":"WebSite","@id":"https:\/\/www.spainart.com\/#website","url":"https:\/\/www.spainart.com\/","name":"Spainart","description":"","publisher":{"@id":"https:\/\/www.spainart.com\/#organization"},"potentialAction":[{"@type":"SearchAction","target":{"@type":"EntryPoint","urlTemplate":"https:\/\/www.spainart.com\/?s={search_term_string}"},"query-input":{"@type":"PropertyValueSpecification","valueRequired":true,"valueName":"search_term_string"}}],"inLanguage":"en-GB"},{"@type":"Organization","@id":"https:\/\/www.spainart.com\/#organization","name":"Spainart","url":"https:\/\/www.spainart.com\/","logo":{"@type":"ImageObject","inLanguage":"en-GB","@id":"https:\/\/www.spainart.com\/#\/schema\/logo\/image\/","url":"https:\/\/www.spainart.com\/wp-content\/uploads\/2021\/07\/Logo-SpainArt-rojo.png","contentUrl":"https:\/\/www.spainart.com\/wp-content\/uploads\/2021\/07\/Logo-SpainArt-rojo.png","width":224,"height":140,"caption":"Spainart"},"image":{"@id":"https:\/\/www.spainart.com\/#\/schema\/logo\/image\/"}}]}},"_links":{"self":[{"href":"https:\/\/www.spainart.com\/en\/wp-json\/wp\/v2\/pages\/517","targetHints":{"allow":["GET"]}}],"collection":[{"href":"https:\/\/www.spainart.com\/en\/wp-json\/wp\/v2\/pages"}],"about":[{"href":"https:\/\/www.spainart.com\/en\/wp-json\/wp\/v2\/types\/page"}],"author":[{"embeddable":true,"href":"https:\/\/www.spainart.com\/en\/wp-json\/wp\/v2\/users\/1"}],"replies":[{"embeddable":true,"href":"https:\/\/www.spainart.com\/en\/wp-json\/wp\/v2\/comments?post=517"}],"version-history":[{"count":8,"href":"https:\/\/www.spainart.com\/en\/wp-json\/wp\/v2\/pages\/517\/revisions"}],"predecessor-version":[{"id":1311,"href":"https:\/\/www.spainart.com\/en\/wp-json\/wp\/v2\/pages\/517\/revisions\/1311"}],"wp:attachment":[{"href":"https:\/\/www.spainart.com\/en\/wp-json\/wp\/v2\/media?parent=517"}],"curies":[{"name":"wp","href":"https:\/\/api.w.org\/{rel}","templated":true}]}}