{"id":1201,"date":"2025-10-12T15:58:26","date_gmt":"2025-10-12T13:58:26","guid":{"rendered":"https:\/\/www.spainart.com\/?page_id=1201"},"modified":"2025-11-07T15:36:23","modified_gmt":"2025-11-07T14:36:23","slug":"politica-de-cookies","status":"publish","type":"page","link":"https:\/\/www.spainart.com\/en\/politica-de-cookies\/","title":{"rendered":"Pol\u00edtica de Cookies"},"content":{"rendered":"<p><strong>INFORMACI\u00d3N SOBRE COOKIES<\/strong><\/p>\n\n\n\n<p>Las <em>cookies <\/em>y otras tecnolog\u00edas similares tales como local shared objects, flash <em>cookies <\/em>o p\u00edxeles, son herramientas empleadas por los servidores Web para almacenar y recuperar informaci\u00f3n acerca de sus visitantes, as\u00ed como para ofrecer un correcto funcionamiento del sitio.<\/p>\n\n\n\n<p><br>Mediante el uso de estos dispositivos se permite al servidor Web recordar algunos datos concernientes al usuario, como sus preferencias para la visualizaci\u00f3n de las p\u00e1ginas de ese servidor, nombre y contrase\u00f1a, productos que m\u00e1s le interesan, etc.<\/p>\n\n\n\n<p><br><strong>COOKIES AFECTADAS POR LA NORMATIVA Y COOKIES EXCEPTUADAS<\/strong><\/p>\n\n\n\n<p>Conforme con la Ley 34\/2002, de 11 de julio, de servicios de la sociedad de la informaci\u00f3n y de comercio electr\u00f3nico (LSSI), en relaci\u00f3n con el Reglamento (UE) 2016\/679 del Parlamento Europeo y del Consejo, de 27 de abril de 2016, General de Protecci\u00f3n de Datos (RGPD) y la Ley Org\u00e1nica 3\/2018, de 5 de diciembre, de Protecci\u00f3n de Datos y Garant\u00eda de los Derechos Digitales (LOPDGDD), es obligado obtener el consentimiento expreso del usuario de todas las p\u00e1ginas web que usan cookies prescindibles, antes de que este navegue por ellas.<br><br>Seg\u00fan la directiva de la UE, las <em>cookies <\/em>que requieren el consentimiento informado por parte del usuario son las <em>cookies <\/em>de anal\u00edtica y las de publicidad y afiliaci\u00f3n, quedando exceptuadas las de car\u00e1cter t\u00e9cnico y las necesarias para el funcionamiento del sitio web o la prestaci\u00f3n de servicios expresamente solicitados por el usuario.<\/p>\n\n\n\n<p><br><strong>TIPOS DE COOKIES<\/strong><\/p>\n\n\n\n<p><strong>SEG\u00daN LA FINALIDAD<\/strong><\/p>\n\n\n\n<ul class=\"wp-block-list\">\n<li><em><strong>Cookies <\/strong><\/em><strong>t\u00e9cnicas y funcionales<\/strong>: son aquellas que permiten al usuario la navegaci\u00f3n a trav\u00e9s de una p\u00e1gina web, plataforma o aplicaci\u00f3n y la utilizaci\u00f3n de las diferentes opciones o servicios que en ella existan<em>.<\/em><\/li>\n\n\n\n<li><em><strong>Cookies <\/strong><\/em><strong>anal\u00edticas<\/strong>: son aquellas que permiten al responsable de las mismas el seguimiento y an\u00e1lisis del comportamiento de los usuarios de los sitios web a los que est\u00e1n vinculadas. La informaci\u00f3n recogida mediante este tipo de <em>cookies<\/em> se utiliza en la medici\u00f3n de la actividad de los sitios web, aplicaci\u00f3n o plataforma y para la elaboraci\u00f3n de perfiles de navegaci\u00f3n de los usuarios de dichos sitios, aplicaciones y plataformas, con el fin de introducir mejoras en funci\u00f3n del an\u00e1lisis de los datos de uso que hacen los usuarios del servicio.<\/li>\n\n\n\n<li><em><strong>Cookies<\/strong><\/em> <strong>publicitarias:<\/strong> son aquellas que permiten la gesti\u00f3n, de la forma m\u00e1s eficaz posible, de los espacios publicitarios que, en su caso, el editor haya incluido en una p\u00e1gina web, aplicaci\u00f3n o plataforma desde la que presta el servicio solicitado en base a criterios como el contenido editado o la frecuencia en la que se muestran los anuncios.<\/li>\n\n\n\n<li><em><strong>Cookies <\/strong><\/em><strong>de publicidad comportamental<\/strong>: recogen informaci\u00f3n sobre las preferencias y elecciones personales del usuario (<em>retargeting<\/em>) para permitir la gesti\u00f3n, de la forma m\u00e1s eficaz posible, de los espacios publicitarios que, en su caso, el editor haya incluido en una p\u00e1gina web, aplicaci\u00f3n o plataforma desde la que presta el servicio solicitado.<\/li>\n<\/ul>\n\n\n\n<p><br><strong>SEG\u00daN LA PROPIEDAD<\/strong><\/p>\n\n\n\n<ul class=\"wp-block-list\">\n<li><em><strong>Cookies<\/strong><\/em><strong> propias<\/strong>: son aquellas que se env\u00edan al equipo terminal del usuario desde un equipo o dominio gestionado por el propio editor y desde el que se presta el servicio solicitado por el usuario.<\/li>\n\n\n\n<li><em><strong>Cookies<\/strong><\/em> <strong>de terceros:<\/strong> son aquellas que se env\u00edan al equipo terminal del usuario desde un equipo o dominio que no es gestionado por el editor, sino por otra entidad que trata los datos obtenidos trav\u00e9s de las cookies.<\/li>\n<\/ul>\n\n\n\n<p><br><strong>SEG\u00daN EL PLAZO DE CONSERVACI\u00d3N<\/strong><\/p>\n\n\n\n<ul class=\"wp-block-list\">\n<li><em><strong>Cookies<\/strong><\/em><strong> de sesi\u00f3n:<\/strong> son un tipo de <em>cookies<\/em> dise\u00f1adas para recabar y almacenar datos mientras el usuario accede a una p\u00e1gina web.<\/li>\n\n\n\n<li><em><strong>Cookies<\/strong><\/em><strong> persistentes:<\/strong> son un tipo de cookies en el que los datos siguen almacenados en el terminal y pueden ser accedidos y tratados durante un per\u00edodo definido por el responsable de la <em>cookie<\/em>, y que puede ir de unos minutos a varios a\u00f1os.<\/li>\n<\/ul>\n\n\n\n<p><br><strong>TRATAMIENTO DE DATOS PERSONALES<\/strong><\/p>\n\n\n\n<p>MARKLOF &amp; PARTNERS,S.L. es el <strong>Responsable del tratamiento<\/strong> de los datos personales del <strong>Interesado <\/strong>y le informa de que estos datos ser\u00e1n tratados de conformidad con lo dispuesto en el Reglamento (UE) 2016\/679, de 27 de abril de 2016 (RGPD), por lo que se le facilita la siguiente informaci\u00f3n del tratamiento:<\/p>\n\n\n\n<p><strong>Fines del tratamiento: <\/strong>seg\u00fan se especifica en el apartado de <em>cookies <\/em>que se utilizan en este sitio web.<\/p>\n\n\n\n<p><strong>Legitimaci\u00f3n del tratamiento<\/strong>: por consentimiento del interesado (art. 6.1.a RGPD).<\/p>\n\n\n\n<p><strong>Criterios de conservaci\u00f3n de los datos<\/strong>: seg\u00fan se especifica en el apartado de <em>cookies <\/em>utilizadas en la web.<\/p>\n\n\n\n<p><strong>Comunicaci\u00f3n de los datos<\/strong>: no se comunicar\u00e1n los datos a terceros, excepto en cookies propiedad de terceros o por obligaci\u00f3n legal.<\/p>\n\n\n\n<p><strong>Derechos que asisten al Interesado<\/strong>:<\/p>\n\n\n\n<p>&#8211; Derecho a retirar el consentimiento en cualquier momento.<br>&#8211; Derecho de acceso, rectificaci\u00f3n, portabilidad y supresi\u00f3n de sus datos y a la limitaci\u00f3n u oposici\u00f3n a su tratamiento.<br>&#8211; Derecho a presentar una reclamaci\u00f3n ante la Autoridad de control (www.aepd.es) si considera que el tratamiento no se ajusta a la normativa vigente.<\/p>\n\n\n\n<p><strong>Datos de contacto para ejercer sus derechos:<\/strong><\/p>\n\n\n\n<p>MARKLOF &amp; PARTNERS,S.L..<strong> <\/strong>CALLE EL CANO, 11 BUNGALOI 15,, &#8211; 38612 el medano (Santa Cruz De Tenerife). E-mail: marcelatosal@gmail.com<br><br><br><\/p>\n\n\n\n<p><strong>COOKIES UTILIZADAS EN ESTE SITIO WEB<\/strong><\/p>\n\n\n\n<figure class=\"wp-block-table\"><table class=\"has-fixed-layout\"><tbody><tr><td><strong>PANEL DE CONFIGURACI\u00d3N<\/strong><\/td><\/tr><tr><td><strong>COOKIES ANAL\u00cdTICAS<\/strong><br><strong>O<\/strong><strong> <\/strong>Marcar o desmarcar seg\u00fan se desee aceptar o rechazar la instalaci\u00f3n de estas cookies.<\/td><\/tr><\/tbody><\/table><\/figure>\n\n\n\n<figure class=\"wp-block-table\"><table class=\"has-fixed-layout\"><tbody><tr><td>NOMBRE<\/td><td>TIPO<\/td><td>PROPIEDAD<\/td><td>FINALIDAD<\/td><td>PLAZO<\/td><td>OBSERVACIONES<\/td><\/tr><tr><td><strong>_ga<\/strong><\/td><td>Anal\u00edtica<\/td><td>Google Analytics<\/td><td>Habilita la funci\u00f3n de control de visitas \u00fanicas. La primera vez que un usuario entre en el sitio web a trav\u00e9s de un navegador se instalar\u00e1 esta <em>cookie<\/em>. Cuando este usuario vuelva a entrar en la web con el mismo navegador, la <em>cookie <\/em>considerar\u00e1 que es el mismo usuario. Solo en el caso de que el usuario cambie de navegador, se considerar\u00e1 otro usuario<\/td><td>2 a\u00f1os<\/td><td>Persistente<\/td><\/tr><tr><td>_<strong>gat<\/strong><\/td><td>Anal\u00edtica<\/td><td>Google Analytics<\/td><td>Se utiliza para limitar la velocidad de petici\u00f3n &#8211; la limitaci\u00f3n de la recogida de datos en los sitios de alto tr\u00e1fico<\/td><td>10 minutos<\/td><td>Sesi\u00f3n<\/td><\/tr><tr><td><strong>_gid<\/strong><\/td><td>Anal\u00edtica<\/td><td>Google Analytics<\/td><td>Se utiliza para distinguir a los usuarios<\/td><td>24 horas<\/td><td>Sesi\u00f3n<\/td><\/tr><\/tbody><\/table><\/figure>\n\n\n\n<p>Obtener m\u00e1s informaci\u00f3n para <strong>deshabilitar las <\/strong><em><strong>cookies<\/strong><\/em> de Google Analytics:<\/p>\n\n\n\n<ul class=\"wp-block-list\">\n<li><a href=\"https:\/\/policies.google.com\/technologies\/managing\">Pol\u00edtica de privacidad de <\/a><a href=\"https:\/\/tools.google.com\/dlpage\/gaoptout\">Google<\/a><\/li>\n\n\n\n<li><a href=\"https:\/\/support.google.com\/analytics\/answer\/181881?hl=es\">Exclusi\u00f3n de Google Analytics<\/a><\/li>\n<\/ul>\n\n\n\n<figure class=\"wp-block-table\"><table class=\"has-fixed-layout\"><tbody><tr><td><strong>PANEL DE CONFIGURACI\u00d3N<\/strong><\/td><\/tr><tr><td><strong>COOKIES DE PUBLICIDAD COMPORTAMENTAL<\/strong><br><strong>O<\/strong><strong> <\/strong>Marcar o desmarcar seg\u00fan se desee aceptar o rechazar la instalaci\u00f3n de estas cookies.<\/td><\/tr><\/tbody><\/table><\/figure>\n\n\n\n<figure class=\"wp-block-table\"><table class=\"has-fixed-layout\"><tbody><tr><td>NOMBRE<\/td><td>TIPO<\/td><td>PROPIEDAD<\/td><td>FINALIDAD<\/td><td>PLAZO<\/td><td>OBSERVACIONES<\/td><\/tr><tr><td><strong>_gads<\/strong><\/td><td>Publicitaria<\/td><td>Google<\/td><td><em>Cookie <\/em>asociada al servicio de <em>Doubleclick.net <\/em>de Google para que el due\u00f1o pueda ganar cr\u00e9dito<\/td><td>1 a\u00f1o<\/td><td>Persistente<\/td><\/tr><tr><td><strong>_sonar<\/strong><\/td><td>Publicitaria<\/td><td>Doubleclick.net<\/td><td>Se utiliza para mejorar y orientar la publicidad seg\u00fan el contenido que es relevante para un usuario, mejorar los informes de rendimiento de la campa\u00f1a y evitar mostrar anuncios que el usuario ya haya visto <em>Doubleclick.net<\/em><\/td><td>1 a\u00f1o<\/td><td>Persistente<\/td><\/tr><tr><td><strong>_ncuid<\/strong><\/td><td>Publicitaria<\/td><td>Google<\/td><td>Se utiliza para medir el rendimiento de los anuncios y proporcionar recomendaciones relativas a productos basadas en datos estad\u00edsticos<\/td><td>6 meses<\/td><td>Persistente<\/td><\/tr><tr><td><strong>IDE<\/strong><\/td><td>Publicitaria<\/td><td>Doubleclick.net<\/td><td>Se utiliza para la focalizaci\u00f3n, optimizaci\u00f3n, presentaci\u00f3n de informes y atribuci\u00f3n de anuncios en l\u00ednea.<\/td><td>1 a\u00f1o<\/td><td>Persistente<\/td><\/tr><tr><td><strong>_conv_v<\/strong><br><strong>bt2<\/strong><br><strong>di2<\/strong><br><strong>dt<\/strong><br><strong>loc<\/strong><br><strong>ssc<\/strong><br><strong>ssh<\/strong><br><strong>ssshs<\/strong><br><strong>uid<\/strong><br><strong>um<\/strong><br><strong>uvc<\/strong><br><strong>vc<\/strong><\/td><td>Publicitaria<\/td><td>AddThis<\/td><td>Se utilizan para habilitar el contenido con el fin de ser compartido.<br>AddThis tambi\u00e9n se utiliza para recopilar informaci\u00f3n sobre c\u00f3mo se comparte contenido del sitio web<\/td><td>2 a\u00f1os, excepto:<br><br>_conv_v: 1 a\u00f1o,<br>bt2: 8 meses,<br>dt: 30 d\u00edas<\/td><td>Persistentes<\/td><\/tr><\/tbody><\/table><\/figure>\n\n\n\n<figure class=\"wp-block-table\"><table class=\"has-fixed-layout\"><tbody><tr><td><strong>C\u00d3MO ELIMINAR LAS COOKIES DE LOS NAVEGADORES M\u00c1S COMUNES<\/strong><\/td><\/tr><\/tbody><\/table><\/figure>\n\n\n\n<figure class=\"wp-block-table\"><table class=\"has-fixed-layout\"><tbody><tr><td><strong>Chrome<\/strong><\/td><td><a href=\"http:\/\/support.google.com\/chrome\/answer\/95647?hl=es\" target=\"_blank\" rel=\"noreferrer noopener\">http:\/\/support.google.com\/chrome\/answer\/95647?hl=es<\/a><\/td><\/tr><tr><td><strong>Edge<\/strong><\/td><td><a href=\"https:\/\/support.microsoft.com\/es-es\/microsoft-edge\/eliminar-las-cookies-en-microsoft-edge-63947406-40ac-c3b8-57b9-2a946a29ae09\" target=\"_blank\" rel=\"noreferrer noopener\">https:\/\/support.microsoft.com\/es-es\/microsoft-edge\/eliminar-las-cookies-en-microsoft-edge-63947406-40ac-c3b8-57b9-2a946a29ae09<\/a><\/td><\/tr><tr><td><strong>Explorer<\/strong><\/td><td><a href=\"https:\/\/support.microsoft.com\/es-es\/help\/278835\/how-to-delete-cookie-files-in-internet-explorer\" target=\"_blank\" rel=\"noreferrer noopener\">https:\/\/support.microsoft.com\/es-es\/help\/278835\/how-to-delete-cookie-files-in-internet-explorer<\/a><\/td><\/tr><tr><td><strong>Firefox<\/strong><\/td><td><a href=\"https:\/\/www.mozilla.org\/es-ES\/privacy\/websites\/#cookies\">https:\/\/www.mozilla.org\/es-ES\/privacy\/websites\/#cookies<\/a><\/td><\/tr><tr><td><strong>Safari<\/strong><\/td><td><a href=\"https:\/\/support.apple.com\/es-es\/guide\/safari\/sfri11471\/mac\" target=\"_blank\" rel=\"noreferrer noopener\">https:\/\/support.apple.com\/es-es\/guide\/safari\/sfri11471\/mac<\/a><\/td><\/tr><tr><td><strong>Opera<\/strong><\/td><td><a href=\"https:\/\/help.opera.com\/en\/latest\/security-and-privacy\/#clearBrowsingData\">https:\/\/help.opera.com\/en\/latest\/security-and-privacy\/#clearBrowsingData<\/a><\/td><\/tr><\/tbody><\/table><\/figure>","protected":false},"excerpt":{"rendered":"<p>INFORMACI\u00d3N SOBRE COOKIES Las cookies y otras tecnolog\u00edas similares tales como local shared objects, flash cookies o p\u00edxeles, son herramientas empleadas por los servidores Web para almacenar y recuperar informaci\u00f3n acerca de sus visitantes, as\u00ed como para ofrecer un correcto funcionamiento del sitio. Mediante el uso de estos dispositivos se permite al servidor Web recordar [&hellip;]<\/p>","protected":false},"author":3,"featured_media":0,"parent":0,"menu_order":0,"comment_status":"closed","ping_status":"closed","template":"","meta":{"footnotes":""},"class_list":["post-1201","page","type-page","status-publish","hentry"],"yoast_head":"<!-- This site is optimized with the Yoast SEO plugin v25.9 - https:\/\/yoast.com\/wordpress\/plugins\/seo\/ -->\n<title>Pol\u00edtica de Cookies para Navegaci\u00f3n y Privacidad | SpainArt<\/title>\n<meta name=\"description\" content=\"Pol\u00edtica de cookies de SpainArt con informaci\u00f3n sobre uso, tipos y gesti\u00f3n de cookies para mejorar la navegaci\u00f3n respetando tu privacidad.\" \/>\n<meta name=\"robots\" content=\"index, follow, max-snippet:-1, max-image-preview:large, max-video-preview:-1\" \/>\n<link rel=\"canonical\" href=\"https:\/\/www.spainart.com\/en\/politica-de-cookies\/\" \/>\n<meta property=\"og:locale\" content=\"en_GB\" \/>\n<meta property=\"og:type\" content=\"article\" \/>\n<meta property=\"og:title\" content=\"Pol\u00edtica de Cookies para Navegaci\u00f3n y Privacidad | SpainArt\" \/>\n<meta property=\"og:description\" content=\"Pol\u00edtica de cookies de SpainArt con informaci\u00f3n sobre uso, tipos y gesti\u00f3n de cookies para mejorar la navegaci\u00f3n respetando tu privacidad.\" \/>\n<meta property=\"og:url\" content=\"https:\/\/www.spainart.com\/en\/politica-de-cookies\/\" \/>\n<meta property=\"og:site_name\" content=\"Spainart\" \/>\n<meta property=\"article:modified_time\" content=\"2025-11-07T14:36:23+00:00\" \/>\n<meta name=\"twitter:card\" content=\"summary_large_image\" \/>\n<meta name=\"twitter:label1\" content=\"Estimated reading time\" \/>\n\t<meta name=\"twitter:data1\" content=\"6 minutes\" \/>\n<script type=\"application\/ld+json\" class=\"yoast-schema-graph\">{\"@context\":\"https:\/\/schema.org\",\"@graph\":[{\"@type\":\"WebPage\",\"@id\":\"https:\/\/www.spainart.com\/politica-de-cookies\/\",\"url\":\"https:\/\/www.spainart.com\/politica-de-cookies\/\",\"name\":\"Pol\u00edtica de Cookies para Navegaci\u00f3n y Privacidad | SpainArt\",\"isPartOf\":{\"@id\":\"https:\/\/www.spainart.com\/#website\"},\"datePublished\":\"2025-10-12T13:58:26+00:00\",\"dateModified\":\"2025-11-07T14:36:23+00:00\",\"description\":\"Pol\u00edtica de cookies de SpainArt con informaci\u00f3n sobre uso, tipos y gesti\u00f3n de cookies para mejorar la navegaci\u00f3n respetando tu privacidad.\",\"breadcrumb\":{\"@id\":\"https:\/\/www.spainart.com\/politica-de-cookies\/#breadcrumb\"},\"inLanguage\":\"en-GB\",\"potentialAction\":[{\"@type\":\"ReadAction\",\"target\":[\"https:\/\/www.spainart.com\/politica-de-cookies\/\"]}]},{\"@type\":\"BreadcrumbList\",\"@id\":\"https:\/\/www.spainart.com\/politica-de-cookies\/#breadcrumb\",\"itemListElement\":[{\"@type\":\"ListItem\",\"position\":1,\"name\":\"Home\",\"item\":\"https:\/\/www.spainart.com\/\"},{\"@type\":\"ListItem\",\"position\":2,\"name\":\"Pol\u00edtica de Cookies\"}]},{\"@type\":\"WebSite\",\"@id\":\"https:\/\/www.spainart.com\/#website\",\"url\":\"https:\/\/www.spainart.com\/\",\"name\":\"Spainart\",\"description\":\"\",\"publisher\":{\"@id\":\"https:\/\/www.spainart.com\/#organization\"},\"potentialAction\":[{\"@type\":\"SearchAction\",\"target\":{\"@type\":\"EntryPoint\",\"urlTemplate\":\"https:\/\/www.spainart.com\/?s={search_term_string}\"},\"query-input\":{\"@type\":\"PropertyValueSpecification\",\"valueRequired\":true,\"valueName\":\"search_term_string\"}}],\"inLanguage\":\"en-GB\"},{\"@type\":\"Organization\",\"@id\":\"https:\/\/www.spainart.com\/#organization\",\"name\":\"Spainart\",\"url\":\"https:\/\/www.spainart.com\/\",\"logo\":{\"@type\":\"ImageObject\",\"inLanguage\":\"en-GB\",\"@id\":\"https:\/\/www.spainart.com\/#\/schema\/logo\/image\/\",\"url\":\"https:\/\/www.spainart.com\/wp-content\/uploads\/2021\/07\/Logo-SpainArt-rojo.png\",\"contentUrl\":\"https:\/\/www.spainart.com\/wp-content\/uploads\/2021\/07\/Logo-SpainArt-rojo.png\",\"width\":224,\"height\":140,\"caption\":\"Spainart\"},\"image\":{\"@id\":\"https:\/\/www.spainart.com\/#\/schema\/logo\/image\/\"}}]}<\/script>\n<!-- \/ Yoast SEO plugin. -->","yoast_head_json":{"title":"Pol\u00edtica de Cookies para Navegaci\u00f3n y Privacidad | SpainArt","description":"Pol\u00edtica de cookies de SpainArt con informaci\u00f3n sobre uso, tipos y gesti\u00f3n de cookies para mejorar la navegaci\u00f3n respetando tu privacidad.","robots":{"index":"index","follow":"follow","max-snippet":"max-snippet:-1","max-image-preview":"max-image-preview:large","max-video-preview":"max-video-preview:-1"},"canonical":"https:\/\/www.spainart.com\/en\/politica-de-cookies\/","og_locale":"en_GB","og_type":"article","og_title":"Pol\u00edtica de Cookies para Navegaci\u00f3n y Privacidad | SpainArt","og_description":"Pol\u00edtica de cookies de SpainArt con informaci\u00f3n sobre uso, tipos y gesti\u00f3n de cookies para mejorar la navegaci\u00f3n respetando tu privacidad.","og_url":"https:\/\/www.spainart.com\/en\/politica-de-cookies\/","og_site_name":"Spainart","article_modified_time":"2025-11-07T14:36:23+00:00","twitter_card":"summary_large_image","twitter_misc":{"Estimated reading time":"6 minutes"},"schema":{"@context":"https:\/\/schema.org","@graph":[{"@type":"WebPage","@id":"https:\/\/www.spainart.com\/politica-de-cookies\/","url":"https:\/\/www.spainart.com\/politica-de-cookies\/","name":"Pol\u00edtica de Cookies para Navegaci\u00f3n y Privacidad | SpainArt","isPartOf":{"@id":"https:\/\/www.spainart.com\/#website"},"datePublished":"2025-10-12T13:58:26+00:00","dateModified":"2025-11-07T14:36:23+00:00","description":"Pol\u00edtica de cookies de SpainArt con informaci\u00f3n sobre uso, tipos y gesti\u00f3n de cookies para mejorar la navegaci\u00f3n respetando tu privacidad.","breadcrumb":{"@id":"https:\/\/www.spainart.com\/politica-de-cookies\/#breadcrumb"},"inLanguage":"en-GB","potentialAction":[{"@type":"ReadAction","target":["https:\/\/www.spainart.com\/politica-de-cookies\/"]}]},{"@type":"BreadcrumbList","@id":"https:\/\/www.spainart.com\/politica-de-cookies\/#breadcrumb","itemListElement":[{"@type":"ListItem","position":1,"name":"Home","item":"https:\/\/www.spainart.com\/"},{"@type":"ListItem","position":2,"name":"Pol\u00edtica de Cookies"}]},{"@type":"WebSite","@id":"https:\/\/www.spainart.com\/#website","url":"https:\/\/www.spainart.com\/","name":"Spainart","description":"","publisher":{"@id":"https:\/\/www.spainart.com\/#organization"},"potentialAction":[{"@type":"SearchAction","target":{"@type":"EntryPoint","urlTemplate":"https:\/\/www.spainart.com\/?s={search_term_string}"},"query-input":{"@type":"PropertyValueSpecification","valueRequired":true,"valueName":"search_term_string"}}],"inLanguage":"en-GB"},{"@type":"Organization","@id":"https:\/\/www.spainart.com\/#organization","name":"Spainart","url":"https:\/\/www.spainart.com\/","logo":{"@type":"ImageObject","inLanguage":"en-GB","@id":"https:\/\/www.spainart.com\/#\/schema\/logo\/image\/","url":"https:\/\/www.spainart.com\/wp-content\/uploads\/2021\/07\/Logo-SpainArt-rojo.png","contentUrl":"https:\/\/www.spainart.com\/wp-content\/uploads\/2021\/07\/Logo-SpainArt-rojo.png","width":224,"height":140,"caption":"Spainart"},"image":{"@id":"https:\/\/www.spainart.com\/#\/schema\/logo\/image\/"}}]}},"_links":{"self":[{"href":"https:\/\/www.spainart.com\/en\/wp-json\/wp\/v2\/pages\/1201","targetHints":{"allow":["GET"]}}],"collection":[{"href":"https:\/\/www.spainart.com\/en\/wp-json\/wp\/v2\/pages"}],"about":[{"href":"https:\/\/www.spainart.com\/en\/wp-json\/wp\/v2\/types\/page"}],"author":[{"embeddable":true,"href":"https:\/\/www.spainart.com\/en\/wp-json\/wp\/v2\/users\/3"}],"replies":[{"embeddable":true,"href":"https:\/\/www.spainart.com\/en\/wp-json\/wp\/v2\/comments?post=1201"}],"version-history":[{"count":2,"href":"https:\/\/www.spainart.com\/en\/wp-json\/wp\/v2\/pages\/1201\/revisions"}],"predecessor-version":[{"id":1212,"href":"https:\/\/www.spainart.com\/en\/wp-json\/wp\/v2\/pages\/1201\/revisions\/1212"}],"wp:attachment":[{"href":"https:\/\/www.spainart.com\/en\/wp-json\/wp\/v2\/media?parent=1201"}],"curies":[{"name":"wp","href":"https:\/\/api.w.org\/{rel}","templated":true}]}}