{"id":1200,"date":"2025-10-12T15:58:26","date_gmt":"2025-10-12T13:58:26","guid":{"rendered":"https:\/\/www.spainart.com\/?page_id=1200"},"modified":"2025-11-07T15:39:49","modified_gmt":"2025-11-07T14:39:49","slug":"accesibilidad","status":"publish","type":"page","link":"https:\/\/www.spainart.com\/en\/accesibilidad\/","title":{"rendered":"Accesibilidad"},"content":{"rendered":"<h2 class=\"wp-block-heading\">Declaraci\u00f3n de Accesibilidad de neurobee.es<\/h2>\n\n\n\n<p><a href=\"https:\/\/www.spainart.com\/en\/\"><strong>spainart.com<\/strong><\/a> est\u00e1 comprometida con la accesibilidad de su sitio web. Esto se realiza en conformidad con el Real Decreto 1112\/2018 del 7 de septiembre, sobre la accesibilidad de los sitios web y aplicaciones m\u00f3viles del sector p\u00fablico. Este decreto adapta la Directiva (UE) 2016\/2102 a la legislaci\u00f3n espa\u00f1ola.<\/p>\n\n\n\n<h2 class=\"wp-block-heading\">Estado de Conformidad<\/h2>\n\n\n\n<p>Este sitio web cumple parcialmente con el Real Decreto 1112\/2018 debido a algunas excepciones y faltas de conformidad que se detallan a continuaci\u00f3n.<\/p>\n\n\n\n<h2 class=\"wp-block-heading\">Contenido No Accesible<\/h2>\n\n\n\n<p>Algunos contenidos no cumplen con los requisitos de accesibilidad por las siguientes razones:<\/p>\n\n\n\n<h3 class=\"wp-block-heading\">Incumplimientos del RD 1112\/2018<\/h3>\n\n\n\n<ul class=\"wp-block-list\">\n<li>Debido a la automatizaci\u00f3n en algunas publicaciones, puede haber problemas con el anidamiento incorrecto de etiquetas HTML.<\/li>\n\n\n\n<li>Algunos documentos en formato PDF no cumplen con los est\u00e1ndares de accesibilidad, aunque se han proporcionado versiones alternativas en HTML que s\u00ed cumplen con la normativa.<\/li>\n\n\n\n<li>Puede haber errores puntuales de edici\u00f3n en ciertas p\u00e1ginas del sitio web.<\/li>\n<\/ul>\n\n\n\n<h3 class=\"wp-block-heading\">Contenido fuera del \u00c1mbito de la Legislaci\u00f3n Aplicable<\/h3>\n\n\n\n<ul class=\"wp-block-list\">\n<li>Documentos ofim\u00e1ticos en PDF u otros formatos, y aplicaciones publicadas antes del 20 de septiembre de 2018, que no cumplen con todos los requisitos de accesibilidad.<\/li>\n\n\n\n<li>Contenido multimedia en directo.<\/li>\n\n\n\n<li>Contenidos multimedia pregrabados, como sesiones plenarias y ruedas de prensa, o que fueron publicados antes de la entrada en vigor del Real Decreto.<\/li>\n\n\n\n<li>Servicios de mapas y cartograf\u00eda en l\u00ednea.<\/li>\n<\/ul>\n\n\n\n<h2 class=\"wp-block-heading\">Preparaci\u00f3n de la Declaraci\u00f3n de Accesibilidad<\/h2>\n\n\n\n<p>Esta declaraci\u00f3n fue preparada el 28 de octubre de 2019, basada en los informes del Observatorio de Accesibilidad Web. La \u00faltima revisi\u00f3n se realiz\u00f3 el 29 de septiembre de 2020.<\/p>\n\n\n\n<h2 class=\"wp-block-heading\">Observaciones y Contacto<\/h2>\n\n\n\n<p>Si desea hacer comentarios sobre la accesibilidad del sitio web (art\u00edculo 10.2 del RD 1112\/2018), puede:<\/p>\n\n\n\n<ul class=\"wp-block-list\">\n<li>Informarnos sobre cualquier posible incumplimiento de accesibilidad.<\/li>\n\n\n\n<li>Comunicar cualquier dificultad para acceder al contenido.<\/li>\n\n\n\n<li>Hacer consultas o sugerencias para mejorar la accesibilidad del sitio web.<\/li>\n<\/ul>\n\n\n\n<p>Para contactarnos, utilice el formulario disponible en este sitio web en el siguiente enlace:\u00a0<a href=\"https:\/\/www.spainart.com\/en\/contacto\/\"><strong>formulario de contacto<\/strong><\/a>. Su comunicaci\u00f3n ser\u00e1 recibida y atendida por nuestro equipo.<\/p>\n\n\n\n<h2 class=\"wp-block-heading\">Caracter\u00edsticas Opcionales<\/h2>\n\n\n\n<p>Este sitio web est\u00e1 creado por la&nbsp;<a href=\"https:\/\/webskill.es\/\">empresa:<\/a><\/p>\n\n\n\n<p>Funciona con JavaScript no intrusivo y proporciona alternativas cuando el navegador no soporta JavaScript.<\/p>\n\n\n\n<p>Ha sido dise\u00f1ado conforme a los est\u00e1ndares y normativas vigentes de accesibilidad, cumpliendo con los puntos de verificaci\u00f3n de prioridad 2 (AA) de las Pautas de Accesibilidad al Contenido en la Web (WCAG 2.1).<\/p>\n\n\n\n<p>Cumple con los requisitos de la Norma UNE-EN 301549 v1.1.2:2015, con las excepciones especificadas en el Real Decreto 1112\/2018.<\/p>\n\n\n\n<p>Est\u00e1 optimizado para una correcta visualizaci\u00f3n en dispositivos de escritorio, tablet y m\u00f3viles, con una resoluci\u00f3n m\u00ednima de 1280\u00d71024.<\/p>\n\n\n\n<p>Utiliza HTML5 como lenguaje de marcado y CSS3 para el dise\u00f1o, garantizando la compatibilidad y el rendimiento \u00f3ptimo en todos los dispositivos.<\/p>","protected":false},"excerpt":{"rendered":"<p>Declaraci\u00f3n de Accesibilidad de neurobee.es spainart.com est\u00e1 comprometida con la accesibilidad de su sitio web. Esto se realiza en conformidad con el Real Decreto 1112\/2018 del 7 de septiembre, sobre la accesibilidad de los sitios web y aplicaciones m\u00f3viles del sector p\u00fablico. Este decreto adapta la Directiva (UE) 2016\/2102 a la legislaci\u00f3n espa\u00f1ola. Estado de [&hellip;]<\/p>","protected":false},"author":3,"featured_media":0,"parent":0,"menu_order":0,"comment_status":"closed","ping_status":"closed","template":"","meta":{"footnotes":""},"class_list":["post-1200","page","type-page","status-publish","hentry"],"yoast_head":"<!-- This site is optimized with the Yoast SEO plugin v25.9 - https:\/\/yoast.com\/wordpress\/plugins\/seo\/ -->\n<title>Accesibilidad del sitio SpainArt<\/title>\n<meta name=\"description\" content=\"Accesibilidad en SpainArt con navegaci\u00f3n clara, contraste legible y ajustes para una experiencia inclusiva y usable para todas las personas.\" \/>\n<meta name=\"robots\" content=\"index, follow, max-snippet:-1, max-image-preview:large, max-video-preview:-1\" \/>\n<link rel=\"canonical\" href=\"https:\/\/www.spainart.com\/en\/accesibilidad\/\" \/>\n<meta property=\"og:locale\" content=\"en_GB\" \/>\n<meta property=\"og:type\" content=\"article\" \/>\n<meta property=\"og:title\" content=\"Accesibilidad del sitio SpainArt\" \/>\n<meta property=\"og:description\" content=\"Accesibilidad en SpainArt con navegaci\u00f3n clara, contraste legible y ajustes para una experiencia inclusiva y usable para todas las personas.\" \/>\n<meta property=\"og:url\" content=\"https:\/\/www.spainart.com\/en\/accesibilidad\/\" \/>\n<meta property=\"og:site_name\" content=\"Spainart\" \/>\n<meta property=\"article:modified_time\" content=\"2025-11-07T14:39:49+00:00\" \/>\n<meta name=\"twitter:card\" content=\"summary_large_image\" \/>\n<meta name=\"twitter:label1\" content=\"Estimated reading time\" \/>\n\t<meta name=\"twitter:data1\" content=\"3 minutes\" \/>\n<script type=\"application\/ld+json\" class=\"yoast-schema-graph\">{\"@context\":\"https:\/\/schema.org\",\"@graph\":[{\"@type\":\"WebPage\",\"@id\":\"https:\/\/www.spainart.com\/accesibilidad\/\",\"url\":\"https:\/\/www.spainart.com\/accesibilidad\/\",\"name\":\"Accesibilidad del sitio SpainArt\",\"isPartOf\":{\"@id\":\"https:\/\/www.spainart.com\/#website\"},\"datePublished\":\"2025-10-12T13:58:26+00:00\",\"dateModified\":\"2025-11-07T14:39:49+00:00\",\"description\":\"Accesibilidad en SpainArt con navegaci\u00f3n clara, contraste legible y ajustes para una experiencia inclusiva y usable para todas las personas.\",\"breadcrumb\":{\"@id\":\"https:\/\/www.spainart.com\/accesibilidad\/#breadcrumb\"},\"inLanguage\":\"en-GB\",\"potentialAction\":[{\"@type\":\"ReadAction\",\"target\":[\"https:\/\/www.spainart.com\/accesibilidad\/\"]}]},{\"@type\":\"BreadcrumbList\",\"@id\":\"https:\/\/www.spainart.com\/accesibilidad\/#breadcrumb\",\"itemListElement\":[{\"@type\":\"ListItem\",\"position\":1,\"name\":\"Home\",\"item\":\"https:\/\/www.spainart.com\/\"},{\"@type\":\"ListItem\",\"position\":2,\"name\":\"Accesibilidad\"}]},{\"@type\":\"WebSite\",\"@id\":\"https:\/\/www.spainart.com\/#website\",\"url\":\"https:\/\/www.spainart.com\/\",\"name\":\"Spainart\",\"description\":\"\",\"publisher\":{\"@id\":\"https:\/\/www.spainart.com\/#organization\"},\"potentialAction\":[{\"@type\":\"SearchAction\",\"target\":{\"@type\":\"EntryPoint\",\"urlTemplate\":\"https:\/\/www.spainart.com\/?s={search_term_string}\"},\"query-input\":{\"@type\":\"PropertyValueSpecification\",\"valueRequired\":true,\"valueName\":\"search_term_string\"}}],\"inLanguage\":\"en-GB\"},{\"@type\":\"Organization\",\"@id\":\"https:\/\/www.spainart.com\/#organization\",\"name\":\"Spainart\",\"url\":\"https:\/\/www.spainart.com\/\",\"logo\":{\"@type\":\"ImageObject\",\"inLanguage\":\"en-GB\",\"@id\":\"https:\/\/www.spainart.com\/#\/schema\/logo\/image\/\",\"url\":\"https:\/\/www.spainart.com\/wp-content\/uploads\/2021\/07\/Logo-SpainArt-rojo.png\",\"contentUrl\":\"https:\/\/www.spainart.com\/wp-content\/uploads\/2021\/07\/Logo-SpainArt-rojo.png\",\"width\":224,\"height\":140,\"caption\":\"Spainart\"},\"image\":{\"@id\":\"https:\/\/www.spainart.com\/#\/schema\/logo\/image\/\"}}]}<\/script>\n<!-- \/ Yoast SEO plugin. -->","yoast_head_json":{"title":"Accesibilidad del sitio SpainArt","description":"Accesibilidad en SpainArt con navegaci\u00f3n clara, contraste legible y ajustes para una experiencia inclusiva y usable para todas las personas.","robots":{"index":"index","follow":"follow","max-snippet":"max-snippet:-1","max-image-preview":"max-image-preview:large","max-video-preview":"max-video-preview:-1"},"canonical":"https:\/\/www.spainart.com\/en\/accesibilidad\/","og_locale":"en_GB","og_type":"article","og_title":"Accesibilidad del sitio SpainArt","og_description":"Accesibilidad en SpainArt con navegaci\u00f3n clara, contraste legible y ajustes para una experiencia inclusiva y usable para todas las personas.","og_url":"https:\/\/www.spainart.com\/en\/accesibilidad\/","og_site_name":"Spainart","article_modified_time":"2025-11-07T14:39:49+00:00","twitter_card":"summary_large_image","twitter_misc":{"Estimated reading time":"3 minutes"},"schema":{"@context":"https:\/\/schema.org","@graph":[{"@type":"WebPage","@id":"https:\/\/www.spainart.com\/accesibilidad\/","url":"https:\/\/www.spainart.com\/accesibilidad\/","name":"Accesibilidad del sitio SpainArt","isPartOf":{"@id":"https:\/\/www.spainart.com\/#website"},"datePublished":"2025-10-12T13:58:26+00:00","dateModified":"2025-11-07T14:39:49+00:00","description":"Accesibilidad en SpainArt con navegaci\u00f3n clara, contraste legible y ajustes para una experiencia inclusiva y usable para todas las personas.","breadcrumb":{"@id":"https:\/\/www.spainart.com\/accesibilidad\/#breadcrumb"},"inLanguage":"en-GB","potentialAction":[{"@type":"ReadAction","target":["https:\/\/www.spainart.com\/accesibilidad\/"]}]},{"@type":"BreadcrumbList","@id":"https:\/\/www.spainart.com\/accesibilidad\/#breadcrumb","itemListElement":[{"@type":"ListItem","position":1,"name":"Home","item":"https:\/\/www.spainart.com\/"},{"@type":"ListItem","position":2,"name":"Accesibilidad"}]},{"@type":"WebSite","@id":"https:\/\/www.spainart.com\/#website","url":"https:\/\/www.spainart.com\/","name":"Spainart","description":"","publisher":{"@id":"https:\/\/www.spainart.com\/#organization"},"potentialAction":[{"@type":"SearchAction","target":{"@type":"EntryPoint","urlTemplate":"https:\/\/www.spainart.com\/?s={search_term_string}"},"query-input":{"@type":"PropertyValueSpecification","valueRequired":true,"valueName":"search_term_string"}}],"inLanguage":"en-GB"},{"@type":"Organization","@id":"https:\/\/www.spainart.com\/#organization","name":"Spainart","url":"https:\/\/www.spainart.com\/","logo":{"@type":"ImageObject","inLanguage":"en-GB","@id":"https:\/\/www.spainart.com\/#\/schema\/logo\/image\/","url":"https:\/\/www.spainart.com\/wp-content\/uploads\/2021\/07\/Logo-SpainArt-rojo.png","contentUrl":"https:\/\/www.spainart.com\/wp-content\/uploads\/2021\/07\/Logo-SpainArt-rojo.png","width":224,"height":140,"caption":"Spainart"},"image":{"@id":"https:\/\/www.spainart.com\/#\/schema\/logo\/image\/"}}]}},"_links":{"self":[{"href":"https:\/\/www.spainart.com\/en\/wp-json\/wp\/v2\/pages\/1200","targetHints":{"allow":["GET"]}}],"collection":[{"href":"https:\/\/www.spainart.com\/en\/wp-json\/wp\/v2\/pages"}],"about":[{"href":"https:\/\/www.spainart.com\/en\/wp-json\/wp\/v2\/types\/page"}],"author":[{"embeddable":true,"href":"https:\/\/www.spainart.com\/en\/wp-json\/wp\/v2\/users\/3"}],"replies":[{"embeddable":true,"href":"https:\/\/www.spainart.com\/en\/wp-json\/wp\/v2\/comments?post=1200"}],"version-history":[{"count":2,"href":"https:\/\/www.spainart.com\/en\/wp-json\/wp\/v2\/pages\/1200\/revisions"}],"predecessor-version":[{"id":1211,"href":"https:\/\/www.spainart.com\/en\/wp-json\/wp\/v2\/pages\/1200\/revisions\/1211"}],"wp:attachment":[{"href":"https:\/\/www.spainart.com\/en\/wp-json\/wp\/v2\/media?parent=1200"}],"curies":[{"name":"wp","href":"https:\/\/api.w.org\/{rel}","templated":true}]}}