{"id":1068,"date":"2025-10-10T15:46:40","date_gmt":"2025-10-10T13:46:40","guid":{"rendered":"https:\/\/www.spainart.com\/?page_id=1068"},"modified":"2026-03-31T12:35:25","modified_gmt":"2026-03-31T10:35:25","slug":"artists","status":"publish","type":"page","link":"https:\/\/www.spainart.com\/en\/artists\/","title":{"rendered":"Artists"},"content":{"rendered":"<style>.elementor-1068 .elementor-element.elementor-element-c696489:not(.elementor-motion-effects-element-type-background) > .elementor-widget-wrap, .elementor-1068 .elementor-element.elementor-element-c696489 > .elementor-widget-wrap > .elementor-motion-effects-container > .elementor-motion-effects-layer{background-color:var( --e-global-color-03b76bd );}.elementor-1068 .elementor-element.elementor-element-c696489 > .elementor-element-populated{transition:background 0.3s, border 0.3s, border-radius 0.3s, box-shadow 0.3s;margin:0em 48em 0em 0em;--e-column-margin-right:48em;--e-column-margin-left:0em;padding:25px 25px 25px 25px;}.elementor-1068 .elementor-element.elementor-element-c696489 > .elementor-element-populated > .elementor-background-overlay{transition:background 0.3s, border-radius 0.3s, opacity 0.3s;}.elementor-widget-heading .elementor-heading-title{color:var( --e-global-color-primary );font-family:var( --e-global-typography-primary-font-family ), Sans-serif;font-size:var( --e-global-typography-primary-font-size );font-weight:var( --e-global-typography-primary-font-weight );text-transform:var( --e-global-typography-primary-text-transform );}.elementor-1068 .elementor-element.elementor-element-1f490b9{text-align:left;}.elementor-1068 .elementor-element.elementor-element-1f490b9 .elementor-heading-title{color:#FFFFFF;font-family:\"Bellota Text\", Sans-serif;font-size:3em;font-weight:900;text-transform:none;}.elementor-widget-posts .elementor-button{background-color:var( --e-global-color-accent );font-family:var( --e-global-typography-accent-font-family ), Sans-serif;font-weight:var( --e-global-typography-accent-font-weight );}.elementor-widget-posts .elementor-post__title, .elementor-widget-posts .elementor-post__title a{color:var( --e-global-color-secondary );font-family:var( --e-global-typography-primary-font-family ), Sans-serif;font-size:var( --e-global-typography-primary-font-size );font-weight:var( --e-global-typography-primary-font-weight );text-transform:var( --e-global-typography-primary-text-transform );}.elementor-widget-posts .elementor-post__meta-data{font-family:var( --e-global-typography-secondary-font-family ), Sans-serif;font-weight:var( --e-global-typography-secondary-font-weight );}.elementor-widget-posts .elementor-post__excerpt p{font-family:var( --e-global-typography-text-font-family ), Sans-serif;font-weight:var( --e-global-typography-text-font-weight );}.elementor-widget-posts .elementor-post__read-more{color:var( --e-global-color-accent );}.elementor-widget-posts a.elementor-post__read-more{font-family:var( --e-global-typography-accent-font-family ), Sans-serif;font-weight:var( --e-global-typography-accent-font-weight );}.elementor-widget-posts .elementor-post__card .elementor-post__badge{background-color:var( --e-global-color-accent );font-family:var( --e-global-typography-accent-font-family ), Sans-serif;font-weight:var( --e-global-typography-accent-font-weight );}.elementor-widget-posts .elementor-pagination{font-family:var( --e-global-typography-secondary-font-family ), Sans-serif;font-weight:var( --e-global-typography-secondary-font-weight );}.elementor-widget-posts .e-load-more-message{font-family:var( --e-global-typography-secondary-font-family ), Sans-serif;font-weight:var( --e-global-typography-secondary-font-weight );}.elementor-1068 .elementor-element.elementor-element-fa64b3f{--grid-row-gap:35px;--grid-column-gap:30px;}.elementor-1068 .elementor-element.elementor-element-fa64b3f .elementor-posts-container .elementor-post__thumbnail{padding-bottom:calc( 1.1 * 100% );}.elementor-1068 .elementor-element.elementor-element-fa64b3f:after{content:\"1.1\";}.elementor-1068 .elementor-element.elementor-element-fa64b3f .elementor-post__thumbnail__link{width:100%;}.elementor-1068 .elementor-element.elementor-element-fa64b3f .elementor-post__meta-data span + span:before{content:\"\u2022\";}.elementor-1068 .elementor-element.elementor-element-fa64b3f .elementor-post__text{margin-top:20px;}@media(max-width:1024px){.elementor-1068 .elementor-element.elementor-element-c696489 > .elementor-element-populated{margin:0em 22em 0em 0em;--e-column-margin-right:22em;--e-column-margin-left:0em;}.elementor-widget-heading .elementor-heading-title{font-size:var( --e-global-typography-primary-font-size );}.elementor-1068 .elementor-element.elementor-element-1f490b9 .elementor-heading-title{font-size:2em;}.elementor-widget-posts .elementor-post__title, .elementor-widget-posts .elementor-post__title a{font-size:var( --e-global-typography-primary-font-size );}}@media(max-width:767px){.elementor-1068 .elementor-element.elementor-element-c696489 > .elementor-element-populated{margin:0em 2em 0em 0em;--e-column-margin-right:2em;--e-column-margin-left:0em;padding:1em 1em 1em 1em;}.elementor-widget-heading .elementor-heading-title{font-size:var( --e-global-typography-primary-font-size );}.elementor-1068 .elementor-element.elementor-element-1f490b9 .elementor-heading-title{font-size:1.8em;}.elementor-widget-posts .elementor-post__title, .elementor-widget-posts .elementor-post__title a{font-size:var( --e-global-typography-primary-font-size );}.elementor-1068 .elementor-element.elementor-element-fa64b3f .elementor-posts-container .elementor-post__thumbnail{padding-bottom:calc( 0.5 * 100% );}.elementor-1068 .elementor-element.elementor-element-fa64b3f:after{content:\"0.5\";}.elementor-1068 .elementor-element.elementor-element-fa64b3f .elementor-post__thumbnail__link{width:100%;}}<\/style>\t\t<div data-elementor-type=\"wp-page\" data-elementor-id=\"1068\" class=\"elementor elementor-1068\" data-elementor-post-type=\"page\">\n\t\t\t\t\t\t<section class=\"elementor-section elementor-top-section elementor-element elementor-element-c39c2ed elementor-section-boxed elementor-section-height-default elementor-section-height-default\" data-id=\"c39c2ed\" data-element_type=\"section\">\n\t\t\t\t\t\t<div class=\"elementor-container elementor-column-gap-default\">\n\t\t\t\t\t<div class=\"elementor-column elementor-col-100 elementor-top-column elementor-element elementor-element-c696489 elementor-invisible\" data-id=\"c696489\" data-element_type=\"column\" data-settings=\"{&quot;background_background&quot;:&quot;classic&quot;,&quot;animation&quot;:&quot;fadeInLeft&quot;,&quot;animation_delay&quot;:0}\">\n\t\t\t<div class=\"elementor-widget-wrap elementor-element-populated\">\n\t\t\t\t\t\t<div class=\"elementor-element elementor-element-1f490b9 elementor-widget elementor-widget-heading\" data-id=\"1f490b9\" data-element_type=\"widget\" data-widget_type=\"heading.default\">\n\t\t\t\t<div class=\"elementor-widget-container\">\n\t\t\t<h1 class=\"elementor-heading-title elementor-size-default\">Artists<\/h1>\t\t<\/div>\n\t\t\t\t<\/div>\n\t\t\t\t\t<\/div>\n\t\t<\/div>\n\t\t\t\t\t<\/div>\n\t\t<\/section>\n\t\t\t\t<section class=\"elementor-section elementor-top-section elementor-element elementor-element-4d61251 elementor-section-boxed elementor-section-height-default elementor-section-height-default\" data-id=\"4d61251\" data-element_type=\"section\">\n\t\t\t\t\t\t<div class=\"elementor-container elementor-column-gap-default\">\n\t\t\t\t\t<div class=\"elementor-column elementor-col-100 elementor-top-column elementor-element elementor-element-5cf7257\" data-id=\"5cf7257\" data-element_type=\"column\">\n\t\t\t<div class=\"elementor-widget-wrap elementor-element-populated\">\n\t\t\t\t\t\t<div class=\"elementor-element elementor-element-fa64b3f elementor-grid-3 elementor-grid-tablet-2 elementor-grid-mobile-1 elementor-posts--thumbnail-top elementor-card-shadow-yes elementor-posts__hover-gradient elementor-widget elementor-widget-posts\" data-id=\"fa64b3f\" data-element_type=\"widget\" data-settings=\"{&quot;cards_columns&quot;:&quot;3&quot;,&quot;cards_columns_tablet&quot;:&quot;2&quot;,&quot;cards_columns_mobile&quot;:&quot;1&quot;,&quot;cards_row_gap&quot;:{&quot;unit&quot;:&quot;px&quot;,&quot;size&quot;:35,&quot;sizes&quot;:[]},&quot;cards_row_gap_tablet&quot;:{&quot;unit&quot;:&quot;px&quot;,&quot;size&quot;:&quot;&quot;,&quot;sizes&quot;:[]},&quot;cards_row_gap_mobile&quot;:{&quot;unit&quot;:&quot;px&quot;,&quot;size&quot;:&quot;&quot;,&quot;sizes&quot;:[]}}\" data-widget_type=\"posts.cards\">\n\t\t\t\t<div class=\"elementor-widget-container\">\n\t\t\t\t\t<div class=\"elementor-posts-container elementor-posts elementor-posts--skin-cards elementor-grid\">\n\t\t\t\t<article class=\"elementor-post elementor-grid-item post-1150 artista type-artista status-publish has-post-thumbnail hentry\">\n\t\t\t<div class=\"elementor-post__card\">\n\t\t\t\t<a class=\"elementor-post__thumbnail__link\" href=\"https:\/\/www.spainart.com\/en\/artista\/fernando-bellver\/\" tabindex=\"-1\" ><div class=\"elementor-post__thumbnail\"><img fetchpriority=\"high\" decoding=\"async\" width=\"425\" height=\"567\" src=\"https:\/\/www.spainart.com\/wp-content\/uploads\/2025\/10\/fernando_bellver_large.webp\" class=\"attachment-full size-full wp-image-1157\" alt=\"\" srcset=\"https:\/\/www.spainart.com\/wp-content\/uploads\/2025\/10\/fernando_bellver_large.webp 425w, https:\/\/www.spainart.com\/wp-content\/uploads\/2025\/10\/fernando_bellver_large-225x300.webp 225w, https:\/\/www.spainart.com\/wp-content\/uploads\/2025\/10\/fernando_bellver_large-9x12.webp 9w\" sizes=\"(max-width: 425px) 100vw, 425px\" \/><\/div><\/a>\n\t\t\t\t<div class=\"elementor-post__text\">\n\t\t\t\t<h2 class=\"elementor-post__title\">\n\t\t\t<a href=\"https:\/\/www.spainart.com\/en\/artista\/fernando-bellver\/\" >\n\t\t\t\tBellver, Fernando\t\t\t<\/a>\n\t\t<\/h2>\n\t\t\t\t<\/div>\n\t\t\t\t\t<\/div>\n\t\t<\/article>\n\t\t\t\t<article class=\"elementor-post elementor-grid-item post-1134 artista type-artista status-publish has-post-thumbnail hentry\">\n\t\t\t<div class=\"elementor-post__card\">\n\t\t\t\t<a class=\"elementor-post__thumbnail__link\" href=\"https:\/\/www.spainart.com\/en\/artista\/carmen-cologan\/\" tabindex=\"-1\" ><div class=\"elementor-post__thumbnail\"><img decoding=\"async\" width=\"1000\" height=\"1500\" data-src=\"https:\/\/www.spainart.com\/wp-content\/uploads\/2025\/10\/WhatsApp-Image-2026-01-14-at-16.55.58.jpeg\" class=\"attachment-full size-full wp-image-1261 lazyload\" alt=\"\" data-srcset=\"https:\/\/www.spainart.com\/wp-content\/uploads\/2025\/10\/WhatsApp-Image-2026-01-14-at-16.55.58.jpeg 1000w, https:\/\/www.spainart.com\/wp-content\/uploads\/2025\/10\/WhatsApp-Image-2026-01-14-at-16.55.58-200x300.jpeg 200w, https:\/\/www.spainart.com\/wp-content\/uploads\/2025\/10\/WhatsApp-Image-2026-01-14-at-16.55.58-683x1024.jpeg 683w, https:\/\/www.spainart.com\/wp-content\/uploads\/2025\/10\/WhatsApp-Image-2026-01-14-at-16.55.58-768x1152.jpeg 768w, https:\/\/www.spainart.com\/wp-content\/uploads\/2025\/10\/WhatsApp-Image-2026-01-14-at-16.55.58-8x12.jpeg 8w\" data-sizes=\"(max-width: 1000px) 100vw, 1000px\" src=\"data:image\/gif;base64,R0lGODlhAQABAAAAACH5BAEKAAEALAAAAAABAAEAAAICTAEAOw==\" style=\"--smush-placeholder-width: 1000px; --smush-placeholder-aspect-ratio: 1000\/1500;\" \/><noscript><img decoding=\"async\" width=\"1000\" height=\"1500\" src=\"https:\/\/www.spainart.com\/wp-content\/uploads\/2025\/10\/WhatsApp-Image-2026-01-14-at-16.55.58.jpeg\" class=\"attachment-full size-full wp-image-1261\" alt=\"\" srcset=\"https:\/\/www.spainart.com\/wp-content\/uploads\/2025\/10\/WhatsApp-Image-2026-01-14-at-16.55.58.jpeg 1000w, https:\/\/www.spainart.com\/wp-content\/uploads\/2025\/10\/WhatsApp-Image-2026-01-14-at-16.55.58-200x300.jpeg 200w, https:\/\/www.spainart.com\/wp-content\/uploads\/2025\/10\/WhatsApp-Image-2026-01-14-at-16.55.58-683x1024.jpeg 683w, https:\/\/www.spainart.com\/wp-content\/uploads\/2025\/10\/WhatsApp-Image-2026-01-14-at-16.55.58-768x1152.jpeg 768w, https:\/\/www.spainart.com\/wp-content\/uploads\/2025\/10\/WhatsApp-Image-2026-01-14-at-16.55.58-8x12.jpeg 8w\" sizes=\"(max-width: 1000px) 100vw, 1000px\" \/><\/noscript><\/div><\/a>\n\t\t\t\t<div class=\"elementor-post__text\">\n\t\t\t\t<h2 class=\"elementor-post__title\">\n\t\t\t<a href=\"https:\/\/www.spainart.com\/en\/artista\/carmen-cologan\/\" >\n\t\t\t\tC\u00f3logan, Carmen\t\t\t<\/a>\n\t\t<\/h2>\n\t\t\t\t<\/div>\n\t\t\t\t\t<\/div>\n\t\t<\/article>\n\t\t\t\t<article class=\"elementor-post elementor-grid-item post-1158 artista type-artista status-publish has-post-thumbnail hentry\">\n\t\t\t<div class=\"elementor-post__card\">\n\t\t\t\t<a class=\"elementor-post__thumbnail__link\" href=\"https:\/\/www.spainart.com\/en\/artista\/marta-von-poroszlay\/\" tabindex=\"-1\" ><div class=\"elementor-post__thumbnail\"><img decoding=\"async\" width=\"392\" height=\"419\" data-src=\"https:\/\/www.spainart.com\/wp-content\/uploads\/2025\/10\/foto-marta.webp\" class=\"attachment-full size-full wp-image-1159 lazyload\" alt=\"\" data-srcset=\"https:\/\/www.spainart.com\/wp-content\/uploads\/2025\/10\/foto-marta.webp 392w, https:\/\/www.spainart.com\/wp-content\/uploads\/2025\/10\/foto-marta-281x300.webp 281w, https:\/\/www.spainart.com\/wp-content\/uploads\/2025\/10\/foto-marta-11x12.webp 11w\" data-sizes=\"(max-width: 392px) 100vw, 392px\" src=\"data:image\/gif;base64,R0lGODlhAQABAAAAACH5BAEKAAEALAAAAAABAAEAAAICTAEAOw==\" style=\"--smush-placeholder-width: 392px; --smush-placeholder-aspect-ratio: 392\/419;\" \/><noscript><img decoding=\"async\" width=\"392\" height=\"419\" src=\"https:\/\/www.spainart.com\/wp-content\/uploads\/2025\/10\/foto-marta.webp\" class=\"attachment-full size-full wp-image-1159\" alt=\"\" srcset=\"https:\/\/www.spainart.com\/wp-content\/uploads\/2025\/10\/foto-marta.webp 392w, https:\/\/www.spainart.com\/wp-content\/uploads\/2025\/10\/foto-marta-281x300.webp 281w, https:\/\/www.spainart.com\/wp-content\/uploads\/2025\/10\/foto-marta-11x12.webp 11w\" sizes=\"(max-width: 392px) 100vw, 392px\" \/><\/noscript><\/div><\/a>\n\t\t\t\t<div class=\"elementor-post__text\">\n\t\t\t\t<h2 class=\"elementor-post__title\">\n\t\t\t<a href=\"https:\/\/www.spainart.com\/en\/artista\/marta-von-poroszlay\/\" >\n\t\t\t\tVon Poroszlay, Marta\t\t\t<\/a>\n\t\t<\/h2>\n\t\t\t\t<\/div>\n\t\t\t\t\t<\/div>\n\t\t<\/article>\n\t\t\t\t<\/div>\n\t\t\n\t\t\t\t<\/div>\n\t\t\t\t<\/div>\n\t\t\t\t\t<\/div>\n\t\t<\/div>\n\t\t\t\t\t<\/div>\n\t\t<\/section>\n\t\t\t\t<\/div>","protected":false},"excerpt":{"rendered":"<p>Artists<\/p>","protected":false},"author":3,"featured_media":0,"parent":0,"menu_order":0,"comment_status":"closed","ping_status":"closed","template":"","meta":{"footnotes":""},"class_list":["post-1068","page","type-page","status-publish","hentry"],"yoast_head":"<!-- This site is optimized with the Yoast SEO plugin v25.9 - https:\/\/yoast.com\/wordpress\/plugins\/seo\/ -->\n<title>Artists | Colaboraciones art\u00edsticas destacadas de SpainArt<\/title>\n<meta name=\"description\" content=\"Artists con una selecci\u00f3n de creadores y proyectos art\u00edsticos presentados y producidos por SpainArt a nivel nacional e internacional.\" \/>\n<meta name=\"robots\" content=\"index, follow, max-snippet:-1, max-image-preview:large, max-video-preview:-1\" \/>\n<link rel=\"canonical\" href=\"https:\/\/www.spainart.com\/en\/artists\/\" \/>\n<meta property=\"og:locale\" content=\"en_GB\" \/>\n<meta property=\"og:type\" content=\"article\" \/>\n<meta property=\"og:title\" content=\"Artists | Colaboraciones art\u00edsticas destacadas de SpainArt\" \/>\n<meta property=\"og:description\" content=\"Artists con una selecci\u00f3n de creadores y proyectos art\u00edsticos presentados y producidos por SpainArt a nivel nacional e internacional.\" \/>\n<meta property=\"og:url\" content=\"https:\/\/www.spainart.com\/en\/artists\/\" \/>\n<meta property=\"og:site_name\" content=\"Spainart\" \/>\n<meta property=\"article:modified_time\" content=\"2026-03-31T10:35:25+00:00\" \/>\n<meta name=\"twitter:card\" content=\"summary_large_image\" \/>\n<meta name=\"twitter:label1\" content=\"Estimated reading time\" \/>\n\t<meta name=\"twitter:data1\" content=\"1 minute\" \/>\n<script type=\"application\/ld+json\" class=\"yoast-schema-graph\">{\"@context\":\"https:\/\/schema.org\",\"@graph\":[{\"@type\":\"WebPage\",\"@id\":\"https:\/\/www.spainart.com\/artists\/\",\"url\":\"https:\/\/www.spainart.com\/artists\/\",\"name\":\"Artists | Colaboraciones art\u00edsticas destacadas de SpainArt\",\"isPartOf\":{\"@id\":\"https:\/\/www.spainart.com\/#website\"},\"datePublished\":\"2025-10-10T13:46:40+00:00\",\"dateModified\":\"2026-03-31T10:35:25+00:00\",\"description\":\"Artists con una selecci\u00f3n de creadores y proyectos art\u00edsticos presentados y producidos por SpainArt a nivel nacional e internacional.\",\"breadcrumb\":{\"@id\":\"https:\/\/www.spainart.com\/artists\/#breadcrumb\"},\"inLanguage\":\"en-GB\",\"potentialAction\":[{\"@type\":\"ReadAction\",\"target\":[\"https:\/\/www.spainart.com\/artists\/\"]}]},{\"@type\":\"BreadcrumbList\",\"@id\":\"https:\/\/www.spainart.com\/artists\/#breadcrumb\",\"itemListElement\":[{\"@type\":\"ListItem\",\"position\":1,\"name\":\"Home\",\"item\":\"https:\/\/www.spainart.com\/\"},{\"@type\":\"ListItem\",\"position\":2,\"name\":\"Artists\"}]},{\"@type\":\"WebSite\",\"@id\":\"https:\/\/www.spainart.com\/#website\",\"url\":\"https:\/\/www.spainart.com\/\",\"name\":\"Spainart\",\"description\":\"\",\"publisher\":{\"@id\":\"https:\/\/www.spainart.com\/#organization\"},\"potentialAction\":[{\"@type\":\"SearchAction\",\"target\":{\"@type\":\"EntryPoint\",\"urlTemplate\":\"https:\/\/www.spainart.com\/?s={search_term_string}\"},\"query-input\":{\"@type\":\"PropertyValueSpecification\",\"valueRequired\":true,\"valueName\":\"search_term_string\"}}],\"inLanguage\":\"en-GB\"},{\"@type\":\"Organization\",\"@id\":\"https:\/\/www.spainart.com\/#organization\",\"name\":\"Spainart\",\"url\":\"https:\/\/www.spainart.com\/\",\"logo\":{\"@type\":\"ImageObject\",\"inLanguage\":\"en-GB\",\"@id\":\"https:\/\/www.spainart.com\/#\/schema\/logo\/image\/\",\"url\":\"https:\/\/www.spainart.com\/wp-content\/uploads\/2021\/07\/Logo-SpainArt-rojo.png\",\"contentUrl\":\"https:\/\/www.spainart.com\/wp-content\/uploads\/2021\/07\/Logo-SpainArt-rojo.png\",\"width\":224,\"height\":140,\"caption\":\"Spainart\"},\"image\":{\"@id\":\"https:\/\/www.spainart.com\/#\/schema\/logo\/image\/\"}}]}<\/script>\n<!-- \/ Yoast SEO plugin. -->","yoast_head_json":{"title":"Artists | Colaboraciones art\u00edsticas destacadas de SpainArt","description":"Artists con una selecci\u00f3n de creadores y proyectos art\u00edsticos presentados y producidos por SpainArt a nivel nacional e internacional.","robots":{"index":"index","follow":"follow","max-snippet":"max-snippet:-1","max-image-preview":"max-image-preview:large","max-video-preview":"max-video-preview:-1"},"canonical":"https:\/\/www.spainart.com\/en\/artists\/","og_locale":"en_GB","og_type":"article","og_title":"Artists | Colaboraciones art\u00edsticas destacadas de SpainArt","og_description":"Artists con una selecci\u00f3n de creadores y proyectos art\u00edsticos presentados y producidos por SpainArt a nivel nacional e internacional.","og_url":"https:\/\/www.spainart.com\/en\/artists\/","og_site_name":"Spainart","article_modified_time":"2026-03-31T10:35:25+00:00","twitter_card":"summary_large_image","twitter_misc":{"Estimated reading time":"1 minute"},"schema":{"@context":"https:\/\/schema.org","@graph":[{"@type":"WebPage","@id":"https:\/\/www.spainart.com\/artists\/","url":"https:\/\/www.spainart.com\/artists\/","name":"Artists | Colaboraciones art\u00edsticas destacadas de SpainArt","isPartOf":{"@id":"https:\/\/www.spainart.com\/#website"},"datePublished":"2025-10-10T13:46:40+00:00","dateModified":"2026-03-31T10:35:25+00:00","description":"Artists con una selecci\u00f3n de creadores y proyectos art\u00edsticos presentados y producidos por SpainArt a nivel nacional e internacional.","breadcrumb":{"@id":"https:\/\/www.spainart.com\/artists\/#breadcrumb"},"inLanguage":"en-GB","potentialAction":[{"@type":"ReadAction","target":["https:\/\/www.spainart.com\/artists\/"]}]},{"@type":"BreadcrumbList","@id":"https:\/\/www.spainart.com\/artists\/#breadcrumb","itemListElement":[{"@type":"ListItem","position":1,"name":"Home","item":"https:\/\/www.spainart.com\/"},{"@type":"ListItem","position":2,"name":"Artists"}]},{"@type":"WebSite","@id":"https:\/\/www.spainart.com\/#website","url":"https:\/\/www.spainart.com\/","name":"Spainart","description":"","publisher":{"@id":"https:\/\/www.spainart.com\/#organization"},"potentialAction":[{"@type":"SearchAction","target":{"@type":"EntryPoint","urlTemplate":"https:\/\/www.spainart.com\/?s={search_term_string}"},"query-input":{"@type":"PropertyValueSpecification","valueRequired":true,"valueName":"search_term_string"}}],"inLanguage":"en-GB"},{"@type":"Organization","@id":"https:\/\/www.spainart.com\/#organization","name":"Spainart","url":"https:\/\/www.spainart.com\/","logo":{"@type":"ImageObject","inLanguage":"en-GB","@id":"https:\/\/www.spainart.com\/#\/schema\/logo\/image\/","url":"https:\/\/www.spainart.com\/wp-content\/uploads\/2021\/07\/Logo-SpainArt-rojo.png","contentUrl":"https:\/\/www.spainart.com\/wp-content\/uploads\/2021\/07\/Logo-SpainArt-rojo.png","width":224,"height":140,"caption":"Spainart"},"image":{"@id":"https:\/\/www.spainart.com\/#\/schema\/logo\/image\/"}}]}},"_links":{"self":[{"href":"https:\/\/www.spainart.com\/en\/wp-json\/wp\/v2\/pages\/1068","targetHints":{"allow":["GET"]}}],"collection":[{"href":"https:\/\/www.spainart.com\/en\/wp-json\/wp\/v2\/pages"}],"about":[{"href":"https:\/\/www.spainart.com\/en\/wp-json\/wp\/v2\/types\/page"}],"author":[{"embeddable":true,"href":"https:\/\/www.spainart.com\/en\/wp-json\/wp\/v2\/users\/3"}],"replies":[{"embeddable":true,"href":"https:\/\/www.spainart.com\/en\/wp-json\/wp\/v2\/comments?post=1068"}],"version-history":[{"count":8,"href":"https:\/\/www.spainart.com\/en\/wp-json\/wp\/v2\/pages\/1068\/revisions"}],"predecessor-version":[{"id":1301,"href":"https:\/\/www.spainart.com\/en\/wp-json\/wp\/v2\/pages\/1068\/revisions\/1301"}],"wp:attachment":[{"href":"https:\/\/www.spainart.com\/en\/wp-json\/wp\/v2\/media?parent=1068"}],"curies":[{"name":"wp","href":"https:\/\/api.w.org\/{rel}","templated":true}]}}